{"id":486,"date":"2025-10-08T18:35:52","date_gmt":"2025-10-08T18:35:52","guid":{"rendered":"https:\/\/redmundialdenetworkers.com\/?page_id=486"},"modified":"2025-10-09T16:50:39","modified_gmt":"2025-10-09T16:50:39","slug":"conectorglobal-marcoontiveros","status":"publish","type":"page","link":"https:\/\/redmundialdenetworkers.com\/index.php\/conectorglobal-marcoontiveros\/","title":{"rendered":"Conector Global-Marco Ontiveros"},"content":{"rendered":"\t\t<div data-elementor-type=\"wp-page\" data-elementor-id=\"486\" class=\"elementor elementor-486\" data-elementor-post-type=\"page\">\n\t\t\t\t\t\t<section class=\"elementor-section elementor-top-section elementor-element elementor-element-5cdbc8c3 elementor-section-stretched elementor-section-boxed elementor-section-height-default elementor-section-height-default\" data-id=\"5cdbc8c3\" data-element_type=\"section\" data-settings=\"{&quot;stretch_section&quot;:&quot;section-stretched&quot;,&quot;background_background&quot;:&quot;classic&quot;}\">\n\t\t\t\t\t\t<div class=\"elementor-container elementor-column-gap-default\">\n\t\t\t\t\t<div class=\"elementor-column elementor-col-33 elementor-top-column elementor-element elementor-element-5e6e769e\" data-id=\"5e6e769e\" data-element_type=\"column\">\n\t\t\t<div class=\"elementor-widget-wrap elementor-element-populated\">\n\t\t\t\t\t\t<div class=\"elementor-element elementor-element-3d23edc0 elementor-widget elementor-widget-image\" data-id=\"3d23edc0\" data-element_type=\"widget\" data-widget_type=\"image.default\">\n\t\t\t\t<div class=\"elementor-widget-container\">\n\t\t\t\t\t\t\t\t\t\t\t\t\t\t\t\t<a href=\"https:\/\/redmundialdeescritores.com\/\">\n\t\t\t\t\t\t\t<img fetchpriority=\"high\" decoding=\"async\" width=\"300\" height=\"300\" src=\"https:\/\/redmundialdenetworkers.com\/wp-content\/uploads\/2025\/06\/logo-RMNPC-1-300x300.jpeg\" class=\"attachment-medium size-medium wp-image-62\" alt=\"\" srcset=\"https:\/\/redmundialdenetworkers.com\/wp-content\/uploads\/2025\/06\/logo-RMNPC-1-300x300.jpeg 300w, https:\/\/redmundialdenetworkers.com\/wp-content\/uploads\/2025\/06\/logo-RMNPC-1-150x150.jpeg 150w, https:\/\/redmundialdenetworkers.com\/wp-content\/uploads\/2025\/06\/logo-RMNPC-1-768x768.jpeg 768w, https:\/\/redmundialdenetworkers.com\/wp-content\/uploads\/2025\/06\/logo-RMNPC-1.jpeg 1024w\" sizes=\"100vw\" \/>\t\t\t\t\t\t\t\t<\/a>\n\t\t\t\t\t\t\t\t\t\t\t\t\t\t\t<\/div>\n\t\t\t\t<\/div>\n\t\t\t\t\t<\/div>\n\t\t<\/div>\n\t\t\t\t<div class=\"elementor-column elementor-col-33 elementor-top-column elementor-element elementor-element-2c462c56\" data-id=\"2c462c56\" data-element_type=\"column\">\n\t\t\t<div class=\"elementor-widget-wrap elementor-element-populated\">\n\t\t\t\t\t\t<div class=\"elementor-element elementor-element-49a5b904 elementor-widget elementor-widget-heading\" data-id=\"49a5b904\" data-element_type=\"widget\" data-widget_type=\"heading.default\">\n\t\t\t\t<div class=\"elementor-widget-container\">\n\t\t\t\t\t<h2 class=\"elementor-heading-title elementor-size-default\">MARCO ONTIVEROS<\/h2>\t\t\t\t<\/div>\n\t\t\t\t<\/div>\n\t\t\t\t<div class=\"elementor-element elementor-element-ad4d3f8 elementor-widget elementor-widget-heading\" data-id=\"ad4d3f8\" data-element_type=\"widget\" data-widget_type=\"heading.default\">\n\t\t\t\t<div class=\"elementor-widget-container\">\n\t\t\t\t\t<h2 class=\"elementor-heading-title elementor-size-default\">miembro\n<br>CONECTOR GLOBAL<\/h2>\t\t\t\t<\/div>\n\t\t\t\t<\/div>\n\t\t\t\t\t<\/div>\n\t\t<\/div>\n\t\t\t\t<div class=\"elementor-column elementor-col-33 elementor-top-column elementor-element elementor-element-432e140f\" data-id=\"432e140f\" data-element_type=\"column\">\n\t\t\t<div class=\"elementor-widget-wrap elementor-element-populated\">\n\t\t\t\t\t\t<div class=\"elementor-element elementor-element-1ce759de elementor-widget elementor-widget-image\" data-id=\"1ce759de\" data-element_type=\"widget\" data-widget_type=\"image.default\">\n\t\t\t\t<div class=\"elementor-widget-container\">\n\t\t\t\t\t\t\t\t\t\t\t\t<figure class=\"wp-caption\">\n\t\t\t\t\t\t\t\t\t\t\t<a href=\"https:\/\/redmundialdenetworkers.com\/index.php\/miembros-mexico\/\">\n\t\t\t\t\t\t\t<img decoding=\"async\" width=\"269\" height=\"269\" src=\"https:\/\/redmundialdenetworkers.com\/wp-content\/uploads\/2025\/06\/formato-banderas-Mexico.png\" class=\"attachment-medium size-medium wp-image-44\" alt=\"\" srcset=\"https:\/\/redmundialdenetworkers.com\/wp-content\/uploads\/2025\/06\/formato-banderas-Mexico.png 269w, https:\/\/redmundialdenetworkers.com\/wp-content\/uploads\/2025\/06\/formato-banderas-Mexico-150x150.png 150w\" sizes=\"100vw\" \/>\t\t\t\t\t\t\t\t<\/a>\n\t\t\t\t\t\t\t\t\t\t\t<figcaption class=\"widget-image-caption wp-caption-text\">M\u00c9XICO<\/figcaption>\n\t\t\t\t\t\t\t\t\t\t<\/figure>\n\t\t\t\t\t\t\t\t\t<\/div>\n\t\t\t\t<\/div>\n\t\t\t\t\t<\/div>\n\t\t<\/div>\n\t\t\t\t\t<\/div>\n\t\t<\/section>\n\t\t\t\t<section class=\"elementor-section elementor-top-section elementor-element elementor-element-23f3bfd1 elementor-section-boxed elementor-section-height-default elementor-section-height-default\" data-id=\"23f3bfd1\" data-element_type=\"section\">\n\t\t\t\t\t\t<div class=\"elementor-container elementor-column-gap-default\">\n\t\t\t\t\t<div class=\"elementor-column elementor-col-50 elementor-top-column elementor-element elementor-element-7b3afb1\" data-id=\"7b3afb1\" data-element_type=\"column\">\n\t\t\t<div class=\"elementor-widget-wrap elementor-element-populated\">\n\t\t\t\t\t\t<div class=\"elementor-element elementor-element-150db7ad elementor-widget elementor-widget-text-editor\" data-id=\"150db7ad\" data-element_type=\"widget\" data-widget_type=\"text-editor.default\">\n\t\t\t\t<div class=\"elementor-widget-container\">\n\t\t\t\t\t\t\t\t\t<h4 class=\"elementor-heading-title elementor-size-default\" style=\"text-align: center;\"><span style=\"color: #000000;\">PRESENTACI\u00d3N PERSONAL<\/span><\/h4><p><span style=\"color: #000000;\">Marco Ontiveros es apasionado, sincero, honesto, simp\u00e1tico, directo, y sobre todo congruente entre lo que <strong>PIENSA-SIENTE-DICE-ACTUA<\/strong>, adem\u00e1s es facilitador e <strong>INSPIRADOR<\/strong> para el\u00a0 Desarrollo Personal.<\/span><\/p><p><span style=\"color: #000000;\">Por sus aportes al Desarrollo Personal, ha recibido dos Doctorados Honoris Causa; el primero en el a\u00f1o 2019 por parte de EUROPA CAMPUS \u2013 Universidad Corporativa de la Red Mundial de Conferencistas, y el segundo lo recibi\u00f3 en el a\u00f1o 2021 por parte de la Federaci\u00f3n Internacional de Superaci\u00f3n Humana \u2013 FISH.<\/span><\/p><p><span style=\"color: #000000;\">De igual manera, en el a\u00f1o 2021, obtuvo un MASTER en Coaching y Psicolog\u00eda Personal avalado por la European Association for Distance Learning.<\/span><\/p><p><span style=\"color: #000000;\"><strong>Actualmente es Fundador-Presidente Ejecutivo<\/strong> del <strong><u>Corporativo DD, LLC <\/u><\/strong><u>que <strong>tiene sede en Florida, USA y <\/strong>que agrupa varias organizaciones, como son USA Campus, diferentes Redes Mundiales, Escuelas Online, Radios Online, entre otras y<\/u><strong>; <\/strong><strong>Fundador &amp; CEO de<\/strong> <strong><u>Happiness Academy<\/u> as\u00ed como Fundador de la plataforma <u>Mis Eventos Online.<\/u><\/strong><\/span><\/p><p><span style=\"color: #000000;\">Es <strong><em>Master Trainer de Laughter Yoga<\/em><\/strong>, <strong>Conferencista Internacional Certificado y Maser Coach Internacional<\/strong>.<\/span><\/p><p><span style=\"color: #000000;\">Fund\u00f3 en el a\u00f1o 2013 la estaci\u00f3n de radio por internet <strong>RADIO APyT<\/strong>, estaci\u00f3n humanista que cuenta con m\u00e1s de 70 programas y mas de 80 locutores; Marco cuenta con el <strong>Certificado Categor\u00eda \u201cA\u201d de Locutor, con n\u00famero de Licencia 37540.<\/strong><\/span><\/p><p><span style=\"color: #000000;\">Entre su haber, cuenta con varios libros escritos:<\/span><\/p><ul><li><span style=\"color: #000000;\">Autor de los Libros <strong>\u201cEl ARTE de la RISA\u201d, \u201cGenerando Personas Felices\u201d<\/strong>, <strong>\u201cEl Poder de tu RISA\u201d<\/strong>, y <strong>\u201cENTRENAMIENTO para tu Desarrollo Personal\u201d<\/strong>,<\/span><\/li><li><span style=\"color: #000000;\">Autor del Libro Digital: <strong>\u201cPROFESIONAL DE ALTO RENDIMIENTO \u2013 TUS HERRAMIENTAS\u201d<\/strong>.<\/span><\/li><li><span style=\"color: #000000;\">Autor del AudioLibro: <strong>\u201cDecr\u00e9talo: \u00a1TU S\u00cd PUEDES!\u201d<\/strong>.<\/span><\/li><li><span style=\"color: #000000;\">Co-Autor de m\u00e1s de 15 libros, en los ejes tem\u00e1ticos: Liderazgo, Emprendimiento, Coaching, entre otros.<\/span><\/li><\/ul><p><span style=\"color: #000000;\">Entre sus Frases de Vida se encuentran:<\/span><\/p><ul><li><span style=\"color: #000000;\"><strong><em>\u201cR\u00cdE A\u00daN EN TIEMPOS DE CRISIS.\u201d <\/em><\/strong><\/span><\/li><li><span style=\"color: #000000;\"><strong><em>\u201cPUEDES CAMBIAR LO QUE ERES, SI CAMBIAS LO QUE TIENES EN LA AZOTEA.\u201d<\/em><\/strong><\/span><\/li><\/ul>\t\t\t\t\t\t\t\t<\/div>\n\t\t\t\t<\/div>\n\t\t\t\t\t<\/div>\n\t\t<\/div>\n\t\t\t\t<div class=\"elementor-column elementor-col-50 elementor-top-column elementor-element elementor-element-477d833f\" data-id=\"477d833f\" data-element_type=\"column\">\n\t\t\t<div class=\"elementor-widget-wrap elementor-element-populated\">\n\t\t\t\t\t\t<div class=\"elementor-element elementor-element-565cdbb7 elementor-invisible elementor-widget elementor-widget-image\" data-id=\"565cdbb7\" data-element_type=\"widget\" data-settings=\"{&quot;_animation&quot;:&quot;fadeIn&quot;}\" data-widget_type=\"image.default\">\n\t\t\t\t<div class=\"elementor-widget-container\">\n\t\t\t\t\t\t\t\t\t\t\t\t<figure class=\"wp-caption\">\n\t\t\t\t\t\t\t\t\t\t<img decoding=\"async\" width=\"261\" height=\"262\" src=\"https:\/\/redmundialdenetworkers.com\/wp-content\/uploads\/2025\/06\/1-imagen-persona1-MarcoOntiveros.jpg\" class=\"elementor-animation-grow attachment-large size-large wp-image-40\" alt=\"\" srcset=\"https:\/\/redmundialdenetworkers.com\/wp-content\/uploads\/2025\/06\/1-imagen-persona1-MarcoOntiveros.jpg 261w, https:\/\/redmundialdenetworkers.com\/wp-content\/uploads\/2025\/06\/1-imagen-persona1-MarcoOntiveros-150x150.jpg 150w\" sizes=\"100vw\" \/>\t\t\t\t\t\t\t\t\t\t\t<figcaption class=\"widget-image-caption wp-caption-text\">Marco Ontiveros<\/figcaption>\n\t\t\t\t\t\t\t\t\t\t<\/figure>\n\t\t\t\t\t\t\t\t\t<\/div>\n\t\t\t\t<\/div>\n\t\t\t\t\t<\/div>\n\t\t<\/div>\n\t\t\t\t\t<\/div>\n\t\t<\/section>\n\t\t\t\t<section class=\"elementor-section elementor-top-section elementor-element elementor-element-20606e02 elementor-section-stretched elementor-section-boxed elementor-section-height-default elementor-section-height-default\" data-id=\"20606e02\" data-element_type=\"section\" data-settings=\"{&quot;stretch_section&quot;:&quot;section-stretched&quot;,&quot;background_background&quot;:&quot;classic&quot;}\">\n\t\t\t\t\t\t<div class=\"elementor-container elementor-column-gap-default\">\n\t\t\t\t\t<div class=\"elementor-column elementor-col-100 elementor-top-column elementor-element elementor-element-5c67e22e\" data-id=\"5c67e22e\" data-element_type=\"column\">\n\t\t\t<div class=\"elementor-widget-wrap elementor-element-populated\">\n\t\t\t\t\t\t<div class=\"elementor-element elementor-element-1a7edd82 elementor-widget elementor-widget-heading\" data-id=\"1a7edd82\" data-element_type=\"widget\" data-widget_type=\"heading.default\">\n\t\t\t\t<div class=\"elementor-widget-container\">\n\t\t\t\t\t<h2 class=\"elementor-heading-title elementor-size-default\">ACREDITACI\u00d3N<\/h2>\t\t\t\t<\/div>\n\t\t\t\t<\/div>\n\t\t\t\t\t<\/div>\n\t\t<\/div>\n\t\t\t\t\t<\/div>\n\t\t<\/section>\n\t\t\t\t<section class=\"elementor-section elementor-top-section elementor-element elementor-element-56ec1512 elementor-section-boxed elementor-section-height-default elementor-section-height-default\" data-id=\"56ec1512\" data-element_type=\"section\">\n\t\t\t\t\t\t<div class=\"elementor-container elementor-column-gap-default\">\n\t\t\t\t\t<div class=\"elementor-column elementor-col-50 elementor-top-column elementor-element elementor-element-4048aa10\" data-id=\"4048aa10\" data-element_type=\"column\">\n\t\t\t<div class=\"elementor-widget-wrap elementor-element-populated\">\n\t\t\t\t\t\t<div class=\"elementor-element elementor-element-204a08b7 elementor-widget elementor-widget-image\" data-id=\"204a08b7\" data-element_type=\"widget\" data-widget_type=\"image.default\">\n\t\t\t\t<div class=\"elementor-widget-container\">\n\t\t\t\t\t\t\t\t\t\t\t\t\t\t\t<img loading=\"lazy\" decoding=\"async\" width=\"720\" height=\"540\" src=\"https:\/\/redmundialdenetworkers.com\/wp-content\/uploads\/2025\/10\/Diapositiva8.jpeg\" class=\"attachment-full size-full wp-image-499\" alt=\"\" srcset=\"https:\/\/redmundialdenetworkers.com\/wp-content\/uploads\/2025\/10\/Diapositiva8.jpeg 720w, https:\/\/redmundialdenetworkers.com\/wp-content\/uploads\/2025\/10\/Diapositiva8-300x225.jpeg 300w\" sizes=\"100vw\" \/>\t\t\t\t\t\t\t\t\t\t\t\t\t\t\t<\/div>\n\t\t\t\t<\/div>\n\t\t\t\t\t<\/div>\n\t\t<\/div>\n\t\t\t\t<div class=\"elementor-column elementor-col-50 elementor-top-column elementor-element elementor-element-2f80d39\" data-id=\"2f80d39\" data-element_type=\"column\">\n\t\t\t<div class=\"elementor-widget-wrap elementor-element-populated\">\n\t\t\t\t\t\t<div class=\"elementor-element elementor-element-36d88311 elementor-widget elementor-widget-image\" data-id=\"36d88311\" data-element_type=\"widget\" data-widget_type=\"image.default\">\n\t\t\t\t<div class=\"elementor-widget-container\">\n\t\t\t\t\t\t\t\t\t\t\t\t\t\t\t<img loading=\"lazy\" decoding=\"async\" width=\"525\" height=\"525\" src=\"https:\/\/redmundialdenetworkers.com\/wp-content\/uploads\/2025\/10\/Diapositiva8-1.jpeg\" class=\"attachment-large size-large wp-image-500\" alt=\"\" srcset=\"https:\/\/redmundialdenetworkers.com\/wp-content\/uploads\/2025\/10\/Diapositiva8-1.jpeg 720w, https:\/\/redmundialdenetworkers.com\/wp-content\/uploads\/2025\/10\/Diapositiva8-1-300x300.jpeg 300w, https:\/\/redmundialdenetworkers.com\/wp-content\/uploads\/2025\/10\/Diapositiva8-1-150x150.jpeg 150w, https:\/\/redmundialdenetworkers.com\/wp-content\/uploads\/2025\/10\/Diapositiva8-1-100x100.jpeg 100w\" sizes=\"100vw\" \/>\t\t\t\t\t\t\t\t\t\t\t\t\t\t\t<\/div>\n\t\t\t\t<\/div>\n\t\t\t\t\t<\/div>\n\t\t<\/div>\n\t\t\t\t\t<\/div>\n\t\t<\/section>\n\t\t\t\t<section class=\"elementor-section elementor-top-section elementor-element elementor-element-4f77f3fb elementor-section-stretched elementor-section-boxed elementor-section-height-default elementor-section-height-default\" data-id=\"4f77f3fb\" data-element_type=\"section\" data-settings=\"{&quot;stretch_section&quot;:&quot;section-stretched&quot;,&quot;background_background&quot;:&quot;classic&quot;}\">\n\t\t\t\t\t\t<div class=\"elementor-container elementor-column-gap-default\">\n\t\t\t\t\t<div class=\"elementor-column elementor-col-100 elementor-top-column elementor-element elementor-element-5d3055f1\" data-id=\"5d3055f1\" data-element_type=\"column\">\n\t\t\t<div class=\"elementor-widget-wrap elementor-element-populated\">\n\t\t\t\t\t\t<div class=\"elementor-element elementor-element-7acc7690 elementor-widget elementor-widget-heading\" data-id=\"7acc7690\" data-element_type=\"widget\" data-widget_type=\"heading.default\">\n\t\t\t\t<div class=\"elementor-widget-container\">\n\t\t\t\t\t<h2 class=\"elementor-heading-title elementor-size-default\">\u00bfQuieres integrarte a nuestra organizaci\u00f3n?<\/h2>\t\t\t\t<\/div>\n\t\t\t\t<\/div>\n\t\t\t\t\t<\/div>\n\t\t<\/div>\n\t\t\t\t\t<\/div>\n\t\t<\/section>\n\t\t\t\t<section class=\"elementor-section elementor-top-section elementor-element elementor-element-2e2b4c2b elementor-section-boxed elementor-section-height-default elementor-section-height-default\" data-id=\"2e2b4c2b\" data-element_type=\"section\" data-settings=\"{&quot;background_background&quot;:&quot;classic&quot;}\">\n\t\t\t\t\t\t<div class=\"elementor-container elementor-column-gap-default\">\n\t\t\t\t\t<div class=\"elementor-column elementor-col-33 elementor-top-column elementor-element elementor-element-75318648\" data-id=\"75318648\" data-element_type=\"column\">\n\t\t\t<div class=\"elementor-widget-wrap\">\n\t\t\t\t\t\t\t<\/div>\n\t\t<\/div>\n\t\t\t\t<div class=\"elementor-column elementor-col-33 elementor-top-column elementor-element elementor-element-5e7b9916\" data-id=\"5e7b9916\" data-element_type=\"column\">\n\t\t\t<div class=\"elementor-widget-wrap elementor-element-populated\">\n\t\t\t\t\t\t<div class=\"elementor-element elementor-element-4bdd222c elementor-widget elementor-widget-text-editor\" data-id=\"4bdd222c\" data-element_type=\"widget\" data-widget_type=\"text-editor.default\">\n\t\t\t\t<div class=\"elementor-widget-container\">\n\t\t\t\t\t\t\t\t\t<p style=\"text-align: center;\"><span style=\"color: #000000;\"><strong>Si deseas formar parte de la organizaci\u00f3n, desde ya te invitamos a unirte a la Red Mundial de Networkers Conscientes.<\/strong><\/span><\/p><p style=\"text-align: center;\"><span style=\"color: #000000;\"><strong>M\u00c1NDANOS UN WHATSAPP<\/strong><\/span><\/p>\t\t\t\t\t\t\t\t<\/div>\n\t\t\t\t<\/div>\n\t\t\t\t\t<\/div>\n\t\t<\/div>\n\t\t\t\t<div class=\"elementor-column elementor-col-33 elementor-top-column elementor-element elementor-element-76433284\" data-id=\"76433284\" data-element_type=\"column\">\n\t\t\t<div class=\"elementor-widget-wrap\">\n\t\t\t\t\t\t\t<\/div>\n\t\t<\/div>\n\t\t\t\t\t<\/div>\n\t\t<\/section>\n\t\t\t\t<section class=\"elementor-section elementor-top-section elementor-element elementor-element-412a017 elementor-section-boxed elementor-section-height-default elementor-section-height-default\" data-id=\"412a017\" data-element_type=\"section\">\n\t\t\t\t\t\t<div class=\"elementor-container elementor-column-gap-default\">\n\t\t\t\t\t<div class=\"elementor-column elementor-col-100 elementor-top-column elementor-element elementor-element-1ac68bfe\" data-id=\"1ac68bfe\" data-element_type=\"column\">\n\t\t\t<div class=\"elementor-widget-wrap elementor-element-populated\">\n\t\t\t\t\t\t<div class=\"elementor-element elementor-element-4430a417 elementor-align-center elementor-widget elementor-widget-button\" data-id=\"4430a417\" data-element_type=\"widget\" data-widget_type=\"button.default\">\n\t\t\t\t<div class=\"elementor-widget-container\">\n\t\t\t\t\t\t\t\t\t<div class=\"elementor-button-wrapper\">\n\t\t\t\t\t<a class=\"elementor-button elementor-button-link elementor-size-sm\" href=\"https:\/\/redmundialdenetworkers.com\/\">\n\t\t\t\t\t\t<span class=\"elementor-button-content-wrapper\">\n\t\t\t\t\t\t<span class=\"elementor-button-icon\">\n\t\t\t\t<svg aria-hidden=\"true\" class=\"e-font-icon-svg e-fas-hand-point-right\" viewBox=\"0 0 512 512\" xmlns=\"http:\/\/www.w3.org\/2000\/svg\"><path d=\"M512 199.652c0 23.625-20.65 43.826-44.8 43.826h-99.851c16.34 17.048 18.346 49.766-6.299 70.944 14.288 22.829 2.147 53.017-16.45 62.315C353.574 425.878 322.654 448 272 448c-2.746 0-13.276-.203-16-.195-61.971.168-76.894-31.065-123.731-38.315C120.596 407.683 112 397.599 112 385.786V214.261l.002-.001c.011-18.366 10.607-35.889 28.464-43.845 28.886-12.994 95.413-49.038 107.534-77.323 7.797-18.194 21.384-29.084 40-29.092 34.222-.014 57.752 35.098 44.119 66.908-3.583 8.359-8.312 16.67-14.153 24.918H467.2c23.45 0 44.8 20.543 44.8 43.826zM96 200v192c0 13.255-10.745 24-24 24H24c-13.255 0-24-10.745-24-24V200c0-13.255 10.745-24 24-24h48c13.255 0 24 10.745 24 24zM68 368c0-11.046-8.954-20-20-20s-20 8.954-20 20 8.954 20 20 20 20-8.954 20-20z\"><\/path><\/svg>\t\t\t<\/span>\n\t\t\t\t\t\t\t\t\t<span class=\"elementor-button-text\">ir a p\u00e1gina principal -  Red Mundial de Networkers Conscientes<\/span>\n\t\t\t\t\t<\/span>\n\t\t\t\t\t<\/a>\n\t\t\t\t<\/div>\n\t\t\t\t\t\t\t\t<\/div>\n\t\t\t\t<\/div>\n\t\t\t\t\t<\/div>\n\t\t<\/div>\n\t\t\t\t\t<\/div>\n\t\t<\/section>\n\t\t\t\t<section class=\"elementor-section elementor-top-section elementor-element elementor-element-4a493bf0 elementor-section-boxed elementor-section-height-default elementor-section-height-default\" data-id=\"4a493bf0\" data-element_type=\"section\" data-settings=\"{&quot;background_background&quot;:&quot;classic&quot;}\">\n\t\t\t\t\t\t<div class=\"elementor-container elementor-column-gap-default\">\n\t\t\t\t\t<div class=\"elementor-column elementor-col-33 elementor-top-column elementor-element elementor-element-73b9eaea\" data-id=\"73b9eaea\" data-element_type=\"column\">\n\t\t\t<div class=\"elementor-widget-wrap elementor-element-populated\">\n\t\t\t\t\t\t<div class=\"elementor-element elementor-element-e6c92a1 elementor-widget elementor-widget-text-editor\" data-id=\"e6c92a1\" data-element_type=\"widget\" data-widget_type=\"text-editor.default\">\n\t\t\t\t<div class=\"elementor-widget-container\">\n\t\t\t\t\t\t\t\t\t<p>All Rights Reserved 2025<\/p>\t\t\t\t\t\t\t\t<\/div>\n\t\t\t\t<\/div>\n\t\t\t\t\t<\/div>\n\t\t<\/div>\n\t\t\t\t<div class=\"elementor-column elementor-col-33 elementor-top-column elementor-element elementor-element-ecae45c\" data-id=\"ecae45c\" data-element_type=\"column\">\n\t\t\t<div class=\"elementor-widget-wrap elementor-element-populated\">\n\t\t\t\t\t\t<div class=\"elementor-element elementor-element-1218533e elementor-widget elementor-widget-text-editor\" data-id=\"1218533e\" data-element_type=\"widget\" data-widget_type=\"text-editor.default\">\n\t\t\t\t<div class=\"elementor-widget-container\">\n\t\t\t\t\t\t\t\t\t<p><span style=\"color: #ffffff;\"><a style=\"color: #ffffff;\" href=\"https:\/\/miseventos.online\/tupaginaweb\/\" target=\"_blank\" rel=\"noopener\">Webmaster:<\/a><\/span><\/p>\t\t\t\t\t\t\t\t<\/div>\n\t\t\t\t<\/div>\n\t\t\t\t\t<\/div>\n\t\t<\/div>\n\t\t\t\t<div class=\"elementor-column elementor-col-33 elementor-top-column elementor-element elementor-element-170a3059\" data-id=\"170a3059\" data-element_type=\"column\">\n\t\t\t<div class=\"elementor-widget-wrap elementor-element-populated\">\n\t\t\t\t\t\t<div class=\"elementor-element elementor-element-7de759f9 elementor-widget elementor-widget-text-editor\" data-id=\"7de759f9\" data-element_type=\"widget\" data-widget_type=\"text-editor.default\">\n\t\t\t\t<div class=\"elementor-widget-container\">\n\t\t\t\t\t\t\t\t\t<p><span style=\"color: #ffffff;\"><a style=\"color: #ffffff;\" href=\"https:\/\/miseventos.online\/tupaginaweb\/\" target=\"_blank\" rel=\"noopener\">Dr-. Marco Ontiveros<\/a><\/span><\/p>\t\t\t\t\t\t\t\t<\/div>\n\t\t\t\t<\/div>\n\t\t\t\t\t<\/div>\n\t\t<\/div>\n\t\t\t\t\t<\/div>\n\t\t<\/section>\n\t\t\t\t<\/div>\n\t\t","protected":false},"excerpt":{"rendered":"<p>MARCO ONTIVEROS miembro CONECTOR GLOBAL M\u00c9XICO PRESENTACI\u00d3N PERSONAL Marco Ontiveros es apasionado, sincero, honesto, simp\u00e1tico, directo, y sobre todo congruente entre lo que PIENSA-SIENTE-DICE-ACTUA, adem\u00e1s es facilitador e INSPIRADOR para el\u00a0 Desarrollo Personal. Por sus aportes al Desarrollo Personal, ha recibido dos Doctorados Honoris Causa; el primero en el a\u00f1o 2019 por parte de EUROPA &hellip; <\/p>\n<p class=\"link-more\"><a href=\"https:\/\/redmundialdenetworkers.com\/index.php\/conectorglobal-marcoontiveros\/\" class=\"more-link\">Continuar leyendo<span class=\"screen-reader-text\"> &#8220;Conector Global-Marco Ontiveros&#8221;<\/span><\/a><\/p>\n","protected":false},"author":1,"featured_media":0,"parent":0,"menu_order":0,"comment_status":"closed","ping_status":"closed","template":"elementor_canvas","meta":{"_joinchat":[],"footnotes":""},"class_list":["post-486","page","type-page","status-publish","hentry"],"_links":{"self":[{"href":"https:\/\/redmundialdenetworkers.com\/index.php\/wp-json\/wp\/v2\/pages\/486","targetHints":{"allow":["GET"]}}],"collection":[{"href":"https:\/\/redmundialdenetworkers.com\/index.php\/wp-json\/wp\/v2\/pages"}],"about":[{"href":"https:\/\/redmundialdenetworkers.com\/index.php\/wp-json\/wp\/v2\/types\/page"}],"author":[{"embeddable":true,"href":"https:\/\/redmundialdenetworkers.com\/index.php\/wp-json\/wp\/v2\/users\/1"}],"replies":[{"embeddable":true,"href":"https:\/\/redmundialdenetworkers.com\/index.php\/wp-json\/wp\/v2\/comments?post=486"}],"version-history":[{"count":14,"href":"https:\/\/redmundialdenetworkers.com\/index.php\/wp-json\/wp\/v2\/pages\/486\/revisions"}],"predecessor-version":[{"id":567,"href":"https:\/\/redmundialdenetworkers.com\/index.php\/wp-json\/wp\/v2\/pages\/486\/revisions\/567"}],"wp:attachment":[{"href":"https:\/\/redmundialdenetworkers.com\/index.php\/wp-json\/wp\/v2\/media?parent=486"}],"curies":[{"name":"wp","href":"https:\/\/api.w.org\/{rel}","templated":true}]}}