{"id":469,"date":"2025-10-08T18:32:07","date_gmt":"2025-10-08T18:32:07","guid":{"rendered":"https:\/\/redmundialdenetworkers.com\/?page_id=469"},"modified":"2025-10-08T18:43:57","modified_gmt":"2025-10-08T18:43:57","slug":"conectorglobal-soniavaldes","status":"publish","type":"page","link":"https:\/\/redmundialdenetworkers.com\/index.php\/conectorglobal-soniavaldes\/","title":{"rendered":"Conector Global-Sonia Vald\u00e9s"},"content":{"rendered":"\t\t<div data-elementor-type=\"wp-page\" data-elementor-id=\"469\" class=\"elementor elementor-469\" data-elementor-post-type=\"page\">\n\t\t\t\t\t\t<section class=\"elementor-section elementor-top-section elementor-element elementor-element-6e2dbfd2 elementor-section-stretched elementor-section-boxed elementor-section-height-default elementor-section-height-default\" data-id=\"6e2dbfd2\" data-element_type=\"section\" data-settings=\"{&quot;stretch_section&quot;:&quot;section-stretched&quot;,&quot;background_background&quot;:&quot;classic&quot;}\">\n\t\t\t\t\t\t<div class=\"elementor-container elementor-column-gap-default\">\n\t\t\t\t\t<div class=\"elementor-column elementor-col-33 elementor-top-column elementor-element elementor-element-4c744e7d\" data-id=\"4c744e7d\" data-element_type=\"column\">\n\t\t\t<div class=\"elementor-widget-wrap elementor-element-populated\">\n\t\t\t\t\t\t<div class=\"elementor-element elementor-element-24e13307 elementor-widget elementor-widget-image\" data-id=\"24e13307\" data-element_type=\"widget\" data-widget_type=\"image.default\">\n\t\t\t\t<div class=\"elementor-widget-container\">\n\t\t\t\t\t\t\t\t\t\t\t\t\t\t\t\t<a href=\"https:\/\/redmundialdeescritores.com\/\">\n\t\t\t\t\t\t\t<img fetchpriority=\"high\" decoding=\"async\" width=\"300\" height=\"300\" src=\"https:\/\/redmundialdenetworkers.com\/wp-content\/uploads\/2025\/06\/logo-RMNPC-1-300x300.jpeg\" class=\"attachment-medium size-medium wp-image-62\" alt=\"\" srcset=\"https:\/\/redmundialdenetworkers.com\/wp-content\/uploads\/2025\/06\/logo-RMNPC-1-300x300.jpeg 300w, https:\/\/redmundialdenetworkers.com\/wp-content\/uploads\/2025\/06\/logo-RMNPC-1-150x150.jpeg 150w, https:\/\/redmundialdenetworkers.com\/wp-content\/uploads\/2025\/06\/logo-RMNPC-1-768x768.jpeg 768w, https:\/\/redmundialdenetworkers.com\/wp-content\/uploads\/2025\/06\/logo-RMNPC-1.jpeg 1024w\" sizes=\"100vw\" \/>\t\t\t\t\t\t\t\t<\/a>\n\t\t\t\t\t\t\t\t\t\t\t\t\t\t\t<\/div>\n\t\t\t\t<\/div>\n\t\t\t\t\t<\/div>\n\t\t<\/div>\n\t\t\t\t<div class=\"elementor-column elementor-col-33 elementor-top-column elementor-element elementor-element-1ea7b610\" data-id=\"1ea7b610\" data-element_type=\"column\">\n\t\t\t<div class=\"elementor-widget-wrap elementor-element-populated\">\n\t\t\t\t\t\t<div class=\"elementor-element elementor-element-4c5489d3 elementor-widget elementor-widget-heading\" data-id=\"4c5489d3\" data-element_type=\"widget\" data-widget_type=\"heading.default\">\n\t\t\t\t<div class=\"elementor-widget-container\">\n\t\t\t\t\t<h2 class=\"elementor-heading-title elementor-size-default\">SONIA VALD\u00c9S<\/h2>\t\t\t\t<\/div>\n\t\t\t\t<\/div>\n\t\t\t\t<div class=\"elementor-element elementor-element-16a468a3 elementor-widget elementor-widget-heading\" data-id=\"16a468a3\" data-element_type=\"widget\" data-widget_type=\"heading.default\">\n\t\t\t\t<div class=\"elementor-widget-container\">\n\t\t\t\t\t<h2 class=\"elementor-heading-title elementor-size-default\">miembro\n<br>CONECTOR GLOBAL<\/h2>\t\t\t\t<\/div>\n\t\t\t\t<\/div>\n\t\t\t\t\t<\/div>\n\t\t<\/div>\n\t\t\t\t<div class=\"elementor-column elementor-col-33 elementor-top-column elementor-element elementor-element-422191b0\" data-id=\"422191b0\" data-element_type=\"column\">\n\t\t\t<div class=\"elementor-widget-wrap elementor-element-populated\">\n\t\t\t\t\t\t<div class=\"elementor-element elementor-element-507acf5d elementor-widget elementor-widget-image\" data-id=\"507acf5d\" data-element_type=\"widget\" data-widget_type=\"image.default\">\n\t\t\t\t<div class=\"elementor-widget-container\">\n\t\t\t\t\t\t\t\t\t\t\t\t<figure class=\"wp-caption\">\n\t\t\t\t\t\t\t\t\t\t\t<a href=\"https:\/\/redmundialdenetworkers.com\/index.php\/miembros-usa\/\">\n\t\t\t\t\t\t\t<img decoding=\"async\" width=\"269\" height=\"269\" src=\"https:\/\/redmundialdenetworkers.com\/wp-content\/uploads\/2025\/06\/formato-banderas-USA.png\" class=\"attachment-medium size-medium wp-image-43\" alt=\"\" srcset=\"https:\/\/redmundialdenetworkers.com\/wp-content\/uploads\/2025\/06\/formato-banderas-USA.png 269w, https:\/\/redmundialdenetworkers.com\/wp-content\/uploads\/2025\/06\/formato-banderas-USA-150x150.png 150w\" sizes=\"100vw\" \/>\t\t\t\t\t\t\t\t<\/a>\n\t\t\t\t\t\t\t\t\t\t\t<figcaption class=\"widget-image-caption wp-caption-text\">USA<\/figcaption>\n\t\t\t\t\t\t\t\t\t\t<\/figure>\n\t\t\t\t\t\t\t\t\t<\/div>\n\t\t\t\t<\/div>\n\t\t\t\t\t<\/div>\n\t\t<\/div>\n\t\t\t\t\t<\/div>\n\t\t<\/section>\n\t\t\t\t<section class=\"elementor-section elementor-top-section elementor-element elementor-element-52e80366 elementor-section-boxed elementor-section-height-default elementor-section-height-default\" data-id=\"52e80366\" data-element_type=\"section\">\n\t\t\t\t\t\t<div class=\"elementor-container elementor-column-gap-default\">\n\t\t\t\t\t<div class=\"elementor-column elementor-col-50 elementor-top-column elementor-element elementor-element-4b645d78\" data-id=\"4b645d78\" data-element_type=\"column\">\n\t\t\t<div class=\"elementor-widget-wrap elementor-element-populated\">\n\t\t\t\t\t\t<div class=\"elementor-element elementor-element-7d93441d elementor-widget elementor-widget-text-editor\" data-id=\"7d93441d\" data-element_type=\"widget\" data-widget_type=\"text-editor.default\">\n\t\t\t\t<div class=\"elementor-widget-container\">\n\t\t\t\t\t\t\t\t\t<h4 class=\"elementor-heading-title elementor-size-default\" style=\"text-align: center;\"><span style=\"color: #162546;\">PRESENTACI\u00d3N PERSONAL<\/span><\/h4><p><span style=\"color: #162546;\">Raysa &#8230;<\/span><\/p>\t\t\t\t\t\t\t\t<\/div>\n\t\t\t\t<\/div>\n\t\t\t\t\t<\/div>\n\t\t<\/div>\n\t\t\t\t<div class=\"elementor-column elementor-col-50 elementor-top-column elementor-element elementor-element-7e1f499c\" data-id=\"7e1f499c\" data-element_type=\"column\">\n\t\t\t<div class=\"elementor-widget-wrap elementor-element-populated\">\n\t\t\t\t\t\t<div class=\"elementor-element elementor-element-7bc1a154 elementor-invisible elementor-widget elementor-widget-image\" data-id=\"7bc1a154\" data-element_type=\"widget\" data-settings=\"{&quot;_animation&quot;:&quot;fadeIn&quot;}\" data-widget_type=\"image.default\">\n\t\t\t\t<div class=\"elementor-widget-container\">\n\t\t\t\t\t\t\t\t\t\t\t\t<figure class=\"wp-caption\">\n\t\t\t\t\t\t\t\t\t\t<img decoding=\"async\" width=\"261\" height=\"262\" src=\"https:\/\/redmundialdenetworkers.com\/wp-content\/uploads\/2025\/06\/1-imagen-persona1-RaysaLopez.jpg\" class=\"elementor-animation-grow attachment-large size-large wp-image-41\" alt=\"\" srcset=\"https:\/\/redmundialdenetworkers.com\/wp-content\/uploads\/2025\/06\/1-imagen-persona1-RaysaLopez.jpg 261w, https:\/\/redmundialdenetworkers.com\/wp-content\/uploads\/2025\/06\/1-imagen-persona1-RaysaLopez-150x150.jpg 150w\" sizes=\"100vw\" \/>\t\t\t\t\t\t\t\t\t\t\t<figcaption class=\"widget-image-caption wp-caption-text\">Sonia Vald\u00e9s<\/figcaption>\n\t\t\t\t\t\t\t\t\t\t<\/figure>\n\t\t\t\t\t\t\t\t\t<\/div>\n\t\t\t\t<\/div>\n\t\t\t\t\t<\/div>\n\t\t<\/div>\n\t\t\t\t\t<\/div>\n\t\t<\/section>\n\t\t\t\t<section class=\"elementor-section elementor-top-section elementor-element elementor-element-35c00ac9 elementor-section-stretched elementor-section-boxed elementor-section-height-default elementor-section-height-default\" data-id=\"35c00ac9\" data-element_type=\"section\" data-settings=\"{&quot;stretch_section&quot;:&quot;section-stretched&quot;,&quot;background_background&quot;:&quot;classic&quot;}\">\n\t\t\t\t\t\t<div class=\"elementor-container elementor-column-gap-default\">\n\t\t\t\t\t<div class=\"elementor-column elementor-col-100 elementor-top-column elementor-element elementor-element-62c6b06f\" data-id=\"62c6b06f\" data-element_type=\"column\">\n\t\t\t<div class=\"elementor-widget-wrap elementor-element-populated\">\n\t\t\t\t\t\t<div class=\"elementor-element elementor-element-1438101b elementor-widget elementor-widget-heading\" data-id=\"1438101b\" data-element_type=\"widget\" data-widget_type=\"heading.default\">\n\t\t\t\t<div class=\"elementor-widget-container\">\n\t\t\t\t\t<h2 class=\"elementor-heading-title elementor-size-default\">ACREDITACI\u00d3N<\/h2>\t\t\t\t<\/div>\n\t\t\t\t<\/div>\n\t\t\t\t\t<\/div>\n\t\t<\/div>\n\t\t\t\t\t<\/div>\n\t\t<\/section>\n\t\t\t\t<section class=\"elementor-section elementor-top-section elementor-element elementor-element-40482c54 elementor-section-boxed elementor-section-height-default elementor-section-height-default\" data-id=\"40482c54\" data-element_type=\"section\">\n\t\t\t\t\t\t<div class=\"elementor-container elementor-column-gap-default\">\n\t\t\t\t\t<div class=\"elementor-column elementor-col-50 elementor-top-column elementor-element elementor-element-41410a4c\" data-id=\"41410a4c\" data-element_type=\"column\">\n\t\t\t<div class=\"elementor-widget-wrap elementor-element-populated\">\n\t\t\t\t\t\t<div class=\"elementor-element elementor-element-6c3936be elementor-widget elementor-widget-image\" data-id=\"6c3936be\" data-element_type=\"widget\" data-widget_type=\"image.default\">\n\t\t\t\t<div class=\"elementor-widget-container\">\n\t\t\t\t\t\t\t\t\t\t\t\t\t\t\t<img loading=\"lazy\" decoding=\"async\" width=\"720\" height=\"540\" src=\"https:\/\/redmundialdenetworkers.com\/wp-content\/uploads\/2025\/10\/Diapositiva5.jpeg\" class=\"attachment-full size-full wp-image-515\" alt=\"\" srcset=\"https:\/\/redmundialdenetworkers.com\/wp-content\/uploads\/2025\/10\/Diapositiva5.jpeg 720w, https:\/\/redmundialdenetworkers.com\/wp-content\/uploads\/2025\/10\/Diapositiva5-300x225.jpeg 300w\" sizes=\"100vw\" \/>\t\t\t\t\t\t\t\t\t\t\t\t\t\t\t<\/div>\n\t\t\t\t<\/div>\n\t\t\t\t\t<\/div>\n\t\t<\/div>\n\t\t\t\t<div class=\"elementor-column elementor-col-50 elementor-top-column elementor-element elementor-element-55ec5fbd\" data-id=\"55ec5fbd\" data-element_type=\"column\">\n\t\t\t<div class=\"elementor-widget-wrap elementor-element-populated\">\n\t\t\t\t\t\t<div class=\"elementor-element elementor-element-42b32b9e elementor-widget elementor-widget-image\" data-id=\"42b32b9e\" data-element_type=\"widget\" data-widget_type=\"image.default\">\n\t\t\t\t<div class=\"elementor-widget-container\">\n\t\t\t\t\t\t\t\t\t\t\t\t\t\t\t<img loading=\"lazy\" decoding=\"async\" width=\"525\" height=\"525\" src=\"https:\/\/redmundialdenetworkers.com\/wp-content\/uploads\/2025\/10\/Diapositiva5-1.jpeg\" class=\"attachment-large size-large wp-image-516\" alt=\"\" srcset=\"https:\/\/redmundialdenetworkers.com\/wp-content\/uploads\/2025\/10\/Diapositiva5-1.jpeg 720w, https:\/\/redmundialdenetworkers.com\/wp-content\/uploads\/2025\/10\/Diapositiva5-1-300x300.jpeg 300w, https:\/\/redmundialdenetworkers.com\/wp-content\/uploads\/2025\/10\/Diapositiva5-1-150x150.jpeg 150w, https:\/\/redmundialdenetworkers.com\/wp-content\/uploads\/2025\/10\/Diapositiva5-1-100x100.jpeg 100w\" sizes=\"100vw\" \/>\t\t\t\t\t\t\t\t\t\t\t\t\t\t\t<\/div>\n\t\t\t\t<\/div>\n\t\t\t\t\t<\/div>\n\t\t<\/div>\n\t\t\t\t\t<\/div>\n\t\t<\/section>\n\t\t\t\t<section class=\"elementor-section elementor-top-section elementor-element elementor-element-7ad30ddf elementor-section-stretched elementor-section-boxed elementor-section-height-default elementor-section-height-default\" data-id=\"7ad30ddf\" data-element_type=\"section\" data-settings=\"{&quot;stretch_section&quot;:&quot;section-stretched&quot;,&quot;background_background&quot;:&quot;classic&quot;}\">\n\t\t\t\t\t\t<div class=\"elementor-container elementor-column-gap-default\">\n\t\t\t\t\t<div class=\"elementor-column elementor-col-100 elementor-top-column elementor-element elementor-element-5170d2c4\" data-id=\"5170d2c4\" data-element_type=\"column\">\n\t\t\t<div class=\"elementor-widget-wrap elementor-element-populated\">\n\t\t\t\t\t\t<div class=\"elementor-element elementor-element-18ceb167 elementor-widget elementor-widget-heading\" data-id=\"18ceb167\" data-element_type=\"widget\" data-widget_type=\"heading.default\">\n\t\t\t\t<div class=\"elementor-widget-container\">\n\t\t\t\t\t<h2 class=\"elementor-heading-title elementor-size-default\">\u00bfQuieres integrarte a nuestra organizaci\u00f3n?<\/h2>\t\t\t\t<\/div>\n\t\t\t\t<\/div>\n\t\t\t\t\t<\/div>\n\t\t<\/div>\n\t\t\t\t\t<\/div>\n\t\t<\/section>\n\t\t\t\t<section class=\"elementor-section elementor-top-section elementor-element elementor-element-4eab95f9 elementor-section-boxed elementor-section-height-default elementor-section-height-default\" data-id=\"4eab95f9\" data-element_type=\"section\" data-settings=\"{&quot;background_background&quot;:&quot;classic&quot;}\">\n\t\t\t\t\t\t<div class=\"elementor-container elementor-column-gap-default\">\n\t\t\t\t\t<div class=\"elementor-column elementor-col-33 elementor-top-column elementor-element elementor-element-7867c772\" data-id=\"7867c772\" data-element_type=\"column\">\n\t\t\t<div class=\"elementor-widget-wrap\">\n\t\t\t\t\t\t\t<\/div>\n\t\t<\/div>\n\t\t\t\t<div class=\"elementor-column elementor-col-33 elementor-top-column elementor-element elementor-element-6900a143\" data-id=\"6900a143\" data-element_type=\"column\">\n\t\t\t<div class=\"elementor-widget-wrap elementor-element-populated\">\n\t\t\t\t\t\t<div class=\"elementor-element elementor-element-5150b1bb elementor-widget elementor-widget-text-editor\" data-id=\"5150b1bb\" data-element_type=\"widget\" data-widget_type=\"text-editor.default\">\n\t\t\t\t<div class=\"elementor-widget-container\">\n\t\t\t\t\t\t\t\t\t<p style=\"text-align: center;\"><span style=\"color: #000000;\"><strong>Si deseas formar parte de la organizaci\u00f3n, desde ya te invitamos a unirte a la Red Mundial de Networkers Conscientes.<\/strong><\/span><\/p><p style=\"text-align: center;\"><span style=\"color: #000000;\"><strong>M\u00c1NDANOS UN WHATSAPP<\/strong><\/span><\/p>\t\t\t\t\t\t\t\t<\/div>\n\t\t\t\t<\/div>\n\t\t\t\t\t<\/div>\n\t\t<\/div>\n\t\t\t\t<div class=\"elementor-column elementor-col-33 elementor-top-column elementor-element elementor-element-50afc72f\" data-id=\"50afc72f\" data-element_type=\"column\">\n\t\t\t<div class=\"elementor-widget-wrap\">\n\t\t\t\t\t\t\t<\/div>\n\t\t<\/div>\n\t\t\t\t\t<\/div>\n\t\t<\/section>\n\t\t\t\t<section class=\"elementor-section elementor-top-section elementor-element elementor-element-10c2c869 elementor-section-boxed elementor-section-height-default elementor-section-height-default\" data-id=\"10c2c869\" data-element_type=\"section\">\n\t\t\t\t\t\t<div class=\"elementor-container elementor-column-gap-default\">\n\t\t\t\t\t<div class=\"elementor-column elementor-col-100 elementor-top-column elementor-element elementor-element-4e4dc25f\" data-id=\"4e4dc25f\" data-element_type=\"column\">\n\t\t\t<div class=\"elementor-widget-wrap elementor-element-populated\">\n\t\t\t\t\t\t<div class=\"elementor-element elementor-element-4ce74961 elementor-align-center elementor-widget elementor-widget-button\" data-id=\"4ce74961\" data-element_type=\"widget\" data-widget_type=\"button.default\">\n\t\t\t\t<div class=\"elementor-widget-container\">\n\t\t\t\t\t\t\t\t\t<div class=\"elementor-button-wrapper\">\n\t\t\t\t\t<a class=\"elementor-button elementor-button-link elementor-size-sm\" href=\"https:\/\/redmundialdenetworkers.com\/\">\n\t\t\t\t\t\t<span class=\"elementor-button-content-wrapper\">\n\t\t\t\t\t\t<span class=\"elementor-button-icon\">\n\t\t\t\t<svg aria-hidden=\"true\" class=\"e-font-icon-svg e-fas-hand-point-right\" viewBox=\"0 0 512 512\" xmlns=\"http:\/\/www.w3.org\/2000\/svg\"><path d=\"M512 199.652c0 23.625-20.65 43.826-44.8 43.826h-99.851c16.34 17.048 18.346 49.766-6.299 70.944 14.288 22.829 2.147 53.017-16.45 62.315C353.574 425.878 322.654 448 272 448c-2.746 0-13.276-.203-16-.195-61.971.168-76.894-31.065-123.731-38.315C120.596 407.683 112 397.599 112 385.786V214.261l.002-.001c.011-18.366 10.607-35.889 28.464-43.845 28.886-12.994 95.413-49.038 107.534-77.323 7.797-18.194 21.384-29.084 40-29.092 34.222-.014 57.752 35.098 44.119 66.908-3.583 8.359-8.312 16.67-14.153 24.918H467.2c23.45 0 44.8 20.543 44.8 43.826zM96 200v192c0 13.255-10.745 24-24 24H24c-13.255 0-24-10.745-24-24V200c0-13.255 10.745-24 24-24h48c13.255 0 24 10.745 24 24zM68 368c0-11.046-8.954-20-20-20s-20 8.954-20 20 8.954 20 20 20 20-8.954 20-20z\"><\/path><\/svg>\t\t\t<\/span>\n\t\t\t\t\t\t\t\t\t<span class=\"elementor-button-text\">ir a p\u00e1gina principal -  Red Mundial de Networkers Conscientes<\/span>\n\t\t\t\t\t<\/span>\n\t\t\t\t\t<\/a>\n\t\t\t\t<\/div>\n\t\t\t\t\t\t\t\t<\/div>\n\t\t\t\t<\/div>\n\t\t\t\t\t<\/div>\n\t\t<\/div>\n\t\t\t\t\t<\/div>\n\t\t<\/section>\n\t\t\t\t<section class=\"elementor-section elementor-top-section elementor-element elementor-element-2c4cf761 elementor-section-boxed elementor-section-height-default elementor-section-height-default\" data-id=\"2c4cf761\" data-element_type=\"section\" data-settings=\"{&quot;background_background&quot;:&quot;classic&quot;}\">\n\t\t\t\t\t\t<div class=\"elementor-container elementor-column-gap-default\">\n\t\t\t\t\t<div class=\"elementor-column elementor-col-33 elementor-top-column elementor-element elementor-element-265580d0\" data-id=\"265580d0\" data-element_type=\"column\">\n\t\t\t<div class=\"elementor-widget-wrap elementor-element-populated\">\n\t\t\t\t\t\t<div class=\"elementor-element elementor-element-54bd46e6 elementor-widget elementor-widget-text-editor\" data-id=\"54bd46e6\" data-element_type=\"widget\" data-widget_type=\"text-editor.default\">\n\t\t\t\t<div class=\"elementor-widget-container\">\n\t\t\t\t\t\t\t\t\t<p>All Rights Reserved 2025<\/p>\t\t\t\t\t\t\t\t<\/div>\n\t\t\t\t<\/div>\n\t\t\t\t\t<\/div>\n\t\t<\/div>\n\t\t\t\t<div class=\"elementor-column elementor-col-33 elementor-top-column elementor-element elementor-element-6d5b7195\" data-id=\"6d5b7195\" data-element_type=\"column\">\n\t\t\t<div class=\"elementor-widget-wrap elementor-element-populated\">\n\t\t\t\t\t\t<div class=\"elementor-element elementor-element-54ec9d83 elementor-widget elementor-widget-text-editor\" data-id=\"54ec9d83\" data-element_type=\"widget\" data-widget_type=\"text-editor.default\">\n\t\t\t\t<div class=\"elementor-widget-container\">\n\t\t\t\t\t\t\t\t\t<p><span style=\"color: #ffffff;\"><a style=\"color: #ffffff;\" href=\"https:\/\/miseventos.online\/tupaginaweb\/\" target=\"_blank\" rel=\"noopener\">Webmaster:<\/a><\/span><\/p>\t\t\t\t\t\t\t\t<\/div>\n\t\t\t\t<\/div>\n\t\t\t\t\t<\/div>\n\t\t<\/div>\n\t\t\t\t<div class=\"elementor-column elementor-col-33 elementor-top-column elementor-element elementor-element-4cbb3c06\" data-id=\"4cbb3c06\" data-element_type=\"column\">\n\t\t\t<div class=\"elementor-widget-wrap elementor-element-populated\">\n\t\t\t\t\t\t<div class=\"elementor-element elementor-element-6a55b602 elementor-widget elementor-widget-text-editor\" data-id=\"6a55b602\" data-element_type=\"widget\" data-widget_type=\"text-editor.default\">\n\t\t\t\t<div class=\"elementor-widget-container\">\n\t\t\t\t\t\t\t\t\t<p><span style=\"color: #ffffff;\"><a style=\"color: #ffffff;\" href=\"https:\/\/miseventos.online\/tupaginaweb\/\" target=\"_blank\" rel=\"noopener\">Dr-. Marco Ontiveros<\/a><\/span><\/p>\t\t\t\t\t\t\t\t<\/div>\n\t\t\t\t<\/div>\n\t\t\t\t\t<\/div>\n\t\t<\/div>\n\t\t\t\t\t<\/div>\n\t\t<\/section>\n\t\t\t\t<\/div>\n\t\t","protected":false},"excerpt":{"rendered":"<p>SONIA VALD\u00c9S miembro CONECTOR GLOBAL USA PRESENTACI\u00d3N PERSONAL Raysa &#8230; Sonia Vald\u00e9s ACREDITACI\u00d3N \u00bfQuieres integrarte a nuestra organizaci\u00f3n? Si deseas formar parte de la organizaci\u00f3n, desde ya te invitamos a unirte a la Red Mundial de Networkers Conscientes. M\u00c1NDANOS UN WHATSAPP ir a p\u00e1gina principal &#8211; Red Mundial de Networkers Conscientes All Rights Reserved 2025 &hellip; <\/p>\n<p class=\"link-more\"><a href=\"https:\/\/redmundialdenetworkers.com\/index.php\/conectorglobal-soniavaldes\/\" class=\"more-link\">Continuar leyendo<span class=\"screen-reader-text\"> &#8220;Conector Global-Sonia Vald\u00e9s&#8221;<\/span><\/a><\/p>\n","protected":false},"author":1,"featured_media":0,"parent":0,"menu_order":0,"comment_status":"closed","ping_status":"closed","template":"elementor_canvas","meta":{"_joinchat":[],"footnotes":""},"class_list":["post-469","page","type-page","status-publish","hentry"],"_links":{"self":[{"href":"https:\/\/redmundialdenetworkers.com\/index.php\/wp-json\/wp\/v2\/pages\/469","targetHints":{"allow":["GET"]}}],"collection":[{"href":"https:\/\/redmundialdenetworkers.com\/index.php\/wp-json\/wp\/v2\/pages"}],"about":[{"href":"https:\/\/redmundialdenetworkers.com\/index.php\/wp-json\/wp\/v2\/types\/page"}],"author":[{"embeddable":true,"href":"https:\/\/redmundialdenetworkers.com\/index.php\/wp-json\/wp\/v2\/users\/1"}],"replies":[{"embeddable":true,"href":"https:\/\/redmundialdenetworkers.com\/index.php\/wp-json\/wp\/v2\/comments?post=469"}],"version-history":[{"count":8,"href":"https:\/\/redmundialdenetworkers.com\/index.php\/wp-json\/wp\/v2\/pages\/469\/revisions"}],"predecessor-version":[{"id":519,"href":"https:\/\/redmundialdenetworkers.com\/index.php\/wp-json\/wp\/v2\/pages\/469\/revisions\/519"}],"wp:attachment":[{"href":"https:\/\/redmundialdenetworkers.com\/index.php\/wp-json\/wp\/v2\/media?parent=469"}],"curies":[{"name":"wp","href":"https:\/\/api.w.org\/{rel}","templated":true}]}}