{"id":441,"date":"2025-10-08T18:24:28","date_gmt":"2025-10-08T18:24:28","guid":{"rendered":"https:\/\/redmundialdenetworkers.com\/?page_id=441"},"modified":"2025-10-09T16:42:23","modified_gmt":"2025-10-09T16:42:23","slug":"conectorglobal-edmarysmenendez","status":"publish","type":"page","link":"https:\/\/redmundialdenetworkers.com\/index.php\/conectorglobal-edmarysmenendez\/","title":{"rendered":"Conector Global-Edmarys Men\u00e9ndez"},"content":{"rendered":"\t\t<div data-elementor-type=\"wp-page\" data-elementor-id=\"441\" class=\"elementor elementor-441\" data-elementor-post-type=\"page\">\n\t\t\t\t\t\t<section class=\"elementor-section elementor-top-section elementor-element elementor-element-3f28e749 elementor-section-stretched elementor-section-boxed elementor-section-height-default elementor-section-height-default\" data-id=\"3f28e749\" data-element_type=\"section\" data-settings=\"{&quot;stretch_section&quot;:&quot;section-stretched&quot;,&quot;background_background&quot;:&quot;classic&quot;}\">\n\t\t\t\t\t\t<div class=\"elementor-container elementor-column-gap-default\">\n\t\t\t\t\t<div class=\"elementor-column elementor-col-33 elementor-top-column elementor-element elementor-element-76b20a16\" data-id=\"76b20a16\" data-element_type=\"column\">\n\t\t\t<div class=\"elementor-widget-wrap elementor-element-populated\">\n\t\t\t\t\t\t<div class=\"elementor-element elementor-element-a7627ff elementor-widget elementor-widget-image\" data-id=\"a7627ff\" data-element_type=\"widget\" data-widget_type=\"image.default\">\n\t\t\t\t<div class=\"elementor-widget-container\">\n\t\t\t\t\t\t\t\t\t\t\t\t\t\t\t\t<a href=\"https:\/\/redmundialdeescritores.com\/\">\n\t\t\t\t\t\t\t<img fetchpriority=\"high\" decoding=\"async\" width=\"300\" height=\"300\" src=\"https:\/\/redmundialdenetworkers.com\/wp-content\/uploads\/2025\/06\/logo-RMNPC-1-300x300.jpeg\" class=\"attachment-medium size-medium wp-image-62\" alt=\"\" srcset=\"https:\/\/redmundialdenetworkers.com\/wp-content\/uploads\/2025\/06\/logo-RMNPC-1-300x300.jpeg 300w, https:\/\/redmundialdenetworkers.com\/wp-content\/uploads\/2025\/06\/logo-RMNPC-1-150x150.jpeg 150w, https:\/\/redmundialdenetworkers.com\/wp-content\/uploads\/2025\/06\/logo-RMNPC-1-768x768.jpeg 768w, https:\/\/redmundialdenetworkers.com\/wp-content\/uploads\/2025\/06\/logo-RMNPC-1.jpeg 1024w\" sizes=\"100vw\" \/>\t\t\t\t\t\t\t\t<\/a>\n\t\t\t\t\t\t\t\t\t\t\t\t\t\t\t<\/div>\n\t\t\t\t<\/div>\n\t\t\t\t\t<\/div>\n\t\t<\/div>\n\t\t\t\t<div class=\"elementor-column elementor-col-33 elementor-top-column elementor-element elementor-element-670c024b\" data-id=\"670c024b\" data-element_type=\"column\">\n\t\t\t<div class=\"elementor-widget-wrap elementor-element-populated\">\n\t\t\t\t\t\t<div class=\"elementor-element elementor-element-11a102e9 elementor-widget elementor-widget-heading\" data-id=\"11a102e9\" data-element_type=\"widget\" data-widget_type=\"heading.default\">\n\t\t\t\t<div class=\"elementor-widget-container\">\n\t\t\t\t\t<h2 class=\"elementor-heading-title elementor-size-default\">EDMARYS MEN\u00c9NDEZ<\/h2>\t\t\t\t<\/div>\n\t\t\t\t<\/div>\n\t\t\t\t<div class=\"elementor-element elementor-element-2f4ad7e elementor-widget elementor-widget-heading\" data-id=\"2f4ad7e\" data-element_type=\"widget\" data-widget_type=\"heading.default\">\n\t\t\t\t<div class=\"elementor-widget-container\">\n\t\t\t\t\t<h2 class=\"elementor-heading-title elementor-size-default\">miembro\n<br>CONECTOR GLOBAL<\/h2>\t\t\t\t<\/div>\n\t\t\t\t<\/div>\n\t\t\t\t\t<\/div>\n\t\t<\/div>\n\t\t\t\t<div class=\"elementor-column elementor-col-33 elementor-top-column elementor-element elementor-element-71483d84\" data-id=\"71483d84\" data-element_type=\"column\">\n\t\t\t<div class=\"elementor-widget-wrap elementor-element-populated\">\n\t\t\t\t\t\t<div class=\"elementor-element elementor-element-6768dd63 elementor-widget elementor-widget-image\" data-id=\"6768dd63\" data-element_type=\"widget\" data-widget_type=\"image.default\">\n\t\t\t\t<div class=\"elementor-widget-container\">\n\t\t\t\t\t\t\t\t\t\t\t\t<figure class=\"wp-caption\">\n\t\t\t\t\t\t\t\t\t\t\t<a href=\"https:\/\/redmundialdenetworkers.com\/index.php\/miembros-usa\/\">\n\t\t\t\t\t\t\t<img decoding=\"async\" width=\"269\" height=\"269\" src=\"https:\/\/redmundialdenetworkers.com\/wp-content\/uploads\/2025\/06\/formato-banderas-USA.png\" class=\"attachment-medium size-medium wp-image-43\" alt=\"\" srcset=\"https:\/\/redmundialdenetworkers.com\/wp-content\/uploads\/2025\/06\/formato-banderas-USA.png 269w, https:\/\/redmundialdenetworkers.com\/wp-content\/uploads\/2025\/06\/formato-banderas-USA-150x150.png 150w\" sizes=\"100vw\" \/>\t\t\t\t\t\t\t\t<\/a>\n\t\t\t\t\t\t\t\t\t\t\t<figcaption class=\"widget-image-caption wp-caption-text\">USA<\/figcaption>\n\t\t\t\t\t\t\t\t\t\t<\/figure>\n\t\t\t\t\t\t\t\t\t<\/div>\n\t\t\t\t<\/div>\n\t\t\t\t\t<\/div>\n\t\t<\/div>\n\t\t\t\t\t<\/div>\n\t\t<\/section>\n\t\t\t\t<section class=\"elementor-section elementor-top-section elementor-element elementor-element-4bb2d447 elementor-section-boxed elementor-section-height-default elementor-section-height-default\" data-id=\"4bb2d447\" data-element_type=\"section\">\n\t\t\t\t\t\t<div class=\"elementor-container elementor-column-gap-default\">\n\t\t\t\t\t<div class=\"elementor-column elementor-col-50 elementor-top-column elementor-element elementor-element-56e4f679\" data-id=\"56e4f679\" data-element_type=\"column\">\n\t\t\t<div class=\"elementor-widget-wrap elementor-element-populated\">\n\t\t\t\t\t\t<div class=\"elementor-element elementor-element-2883ab14 elementor-widget elementor-widget-text-editor\" data-id=\"2883ab14\" data-element_type=\"widget\" data-widget_type=\"text-editor.default\">\n\t\t\t\t<div class=\"elementor-widget-container\">\n\t\t\t\t\t\t\t\t\t<h4 class=\"elementor-heading-title elementor-size-default\" style=\"text-align: center;\"><span style=\"color: #000000;\">PRESENTACI\u00d3N PERSONAL<\/span><\/h4><section class=\"elementor-section elementor-top-section elementor-element elementor-element-2ad3c28c elementor-section-boxed elementor-section-height-default elementor-section-height-default\" data-id=\"2ad3c28c\" data-element_type=\"section\"><div class=\"elementor-container elementor-column-gap-default\"><div class=\"elementor-column elementor-col-100 elementor-top-column elementor-element elementor-element-7b62b416\" data-id=\"7b62b416\" data-element_type=\"column\"><div class=\"elementor-widget-wrap elementor-element-populated\"><div class=\"elementor-element elementor-element-5b5cd93c elementor-widget elementor-widget-text-editor\" data-id=\"5b5cd93c\" data-element_type=\"widget\" data-widget_type=\"text-editor.default\"><div class=\"elementor-widget-container\"><p class=\"p3\"><span class=\"s2\" style=\"color: #000000;\">Edmarys Men\u00e9ndez es una mujer joven, carism\u00e1tica y motivadora. No tiene miedo de probar nuevos encuentros y se compromete con todo aquello de lo que decide formar parte.<\/span><\/p><p class=\"p3\"><span class=\"s2\" style=\"color: #000000;\">Es bailarina desde los cinco a\u00f1os y ha participado en varios Concursos Nacionales a lo largo de los a\u00f1os y ha ganado el primer y segundo lugar en la mayor\u00eda.<\/span><\/p><p class=\"p3\"><span class=\"s2\" style=\"color: #000000;\">Ha estado en concursos de belleza ganando placas y t\u00edtulos y fue coronada como Miss Worldwide International Queen representando a Cuba 2016.<\/span><\/p><p class=\"p3\"><span class=\"s2\" style=\"color: #000000;\">Ella ha estado en la industria del modelaje durante aproximadamente una d\u00e9cada. Aparte de las obras de teatro escolares cuando era ni\u00f1a, comenz\u00f3 a actuar profesionalmente durante sus a\u00f1os universitarios.<\/span><\/p><p class=\"p3\"><span class=\"s2\" style=\"color: #000000;\">Luego comenz\u00f3 su propio programa alrededor del 2016 en su canal de YouTube y Facebook LIVE llamado \u201cVida y Amor con Edmarys\u201d. Se gradu\u00f3 con honores en Miami Dade College, obtuvo su t\u00edtulo en Ingl\u00e9s y despu\u00e9s se gradu\u00f3 con su licenciatura en periodismo en el 2020.<\/span><\/p><p class=\"p3\"><span class=\"s2\" style=\"color: #000000;\">En el 2022 abri\u00f3 su propia corporaci\u00f3n de talentos con varios actos para cualquier evento de entretenimiento. Recientemente lanz\u00f3 su primer Best Seller llamado \u201cLove and Life\u201d este a\u00f1o 2023.<\/span><\/p><p class=\"p3\"><span class=\"s2\" style=\"color: #000000;\">Esta jovencita tiene un curr\u00edculum sobresaliente pero no tiene l\u00edmites para trabajar todo lo que necesita para alcanzar todas sus metas. Se llena de emoci\u00f3n de saber que aun hay mucho m\u00e1s que lograr para el futuro que quiere.\u00a0<\/span><\/p><\/div><\/div><\/div><\/div><\/div><\/section>\t\t\t\t\t\t\t\t<\/div>\n\t\t\t\t<\/div>\n\t\t\t\t\t<\/div>\n\t\t<\/div>\n\t\t\t\t<div class=\"elementor-column elementor-col-50 elementor-top-column elementor-element elementor-element-64ff2585\" data-id=\"64ff2585\" data-element_type=\"column\">\n\t\t\t<div class=\"elementor-widget-wrap elementor-element-populated\">\n\t\t\t\t\t\t<div class=\"elementor-element elementor-element-655e6dc2 elementor-invisible elementor-widget elementor-widget-image\" data-id=\"655e6dc2\" data-element_type=\"widget\" data-settings=\"{&quot;_animation&quot;:&quot;fadeIn&quot;}\" data-widget_type=\"image.default\">\n\t\t\t\t<div class=\"elementor-widget-container\">\n\t\t\t\t\t\t\t\t\t\t\t\t<figure class=\"wp-caption\">\n\t\t\t\t\t\t\t\t\t\t<img decoding=\"async\" width=\"525\" height=\"656\" src=\"https:\/\/redmundialdenetworkers.com\/wp-content\/uploads\/2025\/10\/foto-EdamrysMenendez.jpg\" class=\"elementor-animation-grow attachment-large size-large wp-image-551\" alt=\"\" srcset=\"https:\/\/redmundialdenetworkers.com\/wp-content\/uploads\/2025\/10\/foto-EdamrysMenendez.jpg 768w, https:\/\/redmundialdenetworkers.com\/wp-content\/uploads\/2025\/10\/foto-EdamrysMenendez-240x300.jpg 240w\" sizes=\"100vw\" \/>\t\t\t\t\t\t\t\t\t\t\t<figcaption class=\"widget-image-caption wp-caption-text\">Edmarys Men\u00e9ndez<\/figcaption>\n\t\t\t\t\t\t\t\t\t\t<\/figure>\n\t\t\t\t\t\t\t\t\t<\/div>\n\t\t\t\t<\/div>\n\t\t\t\t\t<\/div>\n\t\t<\/div>\n\t\t\t\t\t<\/div>\n\t\t<\/section>\n\t\t\t\t<section class=\"elementor-section elementor-top-section elementor-element elementor-element-14e0c7a3 elementor-section-stretched elementor-section-boxed elementor-section-height-default elementor-section-height-default\" data-id=\"14e0c7a3\" data-element_type=\"section\" data-settings=\"{&quot;stretch_section&quot;:&quot;section-stretched&quot;,&quot;background_background&quot;:&quot;classic&quot;}\">\n\t\t\t\t\t\t<div class=\"elementor-container elementor-column-gap-default\">\n\t\t\t\t\t<div class=\"elementor-column elementor-col-100 elementor-top-column elementor-element elementor-element-24038836\" data-id=\"24038836\" data-element_type=\"column\">\n\t\t\t<div class=\"elementor-widget-wrap elementor-element-populated\">\n\t\t\t\t\t\t<div class=\"elementor-element elementor-element-652d6f1c elementor-widget elementor-widget-heading\" data-id=\"652d6f1c\" data-element_type=\"widget\" data-widget_type=\"heading.default\">\n\t\t\t\t<div class=\"elementor-widget-container\">\n\t\t\t\t\t<h2 class=\"elementor-heading-title elementor-size-default\">ACREDITACI\u00d3N<\/h2>\t\t\t\t<\/div>\n\t\t\t\t<\/div>\n\t\t\t\t\t<\/div>\n\t\t<\/div>\n\t\t\t\t\t<\/div>\n\t\t<\/section>\n\t\t\t\t<section class=\"elementor-section elementor-top-section elementor-element elementor-element-6e7bdfaf elementor-section-boxed elementor-section-height-default elementor-section-height-default\" data-id=\"6e7bdfaf\" data-element_type=\"section\">\n\t\t\t\t\t\t<div class=\"elementor-container elementor-column-gap-default\">\n\t\t\t\t\t<div class=\"elementor-column elementor-col-50 elementor-top-column elementor-element elementor-element-7a95bf2e\" data-id=\"7a95bf2e\" data-element_type=\"column\">\n\t\t\t<div class=\"elementor-widget-wrap elementor-element-populated\">\n\t\t\t\t\t\t<div class=\"elementor-element elementor-element-35598464 elementor-widget elementor-widget-image\" data-id=\"35598464\" data-element_type=\"widget\" data-widget_type=\"image.default\">\n\t\t\t\t<div class=\"elementor-widget-container\">\n\t\t\t\t\t\t\t\t\t\t\t\t\t\t\t<img loading=\"lazy\" decoding=\"async\" width=\"720\" height=\"540\" src=\"https:\/\/redmundialdenetworkers.com\/wp-content\/uploads\/2025\/10\/Diapositiva2.jpeg\" class=\"attachment-full size-full wp-image-530\" alt=\"\" srcset=\"https:\/\/redmundialdenetworkers.com\/wp-content\/uploads\/2025\/10\/Diapositiva2.jpeg 720w, https:\/\/redmundialdenetworkers.com\/wp-content\/uploads\/2025\/10\/Diapositiva2-300x225.jpeg 300w\" sizes=\"100vw\" \/>\t\t\t\t\t\t\t\t\t\t\t\t\t\t\t<\/div>\n\t\t\t\t<\/div>\n\t\t\t\t\t<\/div>\n\t\t<\/div>\n\t\t\t\t<div class=\"elementor-column elementor-col-50 elementor-top-column elementor-element elementor-element-5873258\" data-id=\"5873258\" data-element_type=\"column\">\n\t\t\t<div class=\"elementor-widget-wrap elementor-element-populated\">\n\t\t\t\t\t\t<div class=\"elementor-element elementor-element-29d25610 elementor-widget elementor-widget-image\" data-id=\"29d25610\" data-element_type=\"widget\" data-widget_type=\"image.default\">\n\t\t\t\t<div class=\"elementor-widget-container\">\n\t\t\t\t\t\t\t\t\t\t\t\t\t\t\t<img loading=\"lazy\" decoding=\"async\" width=\"525\" height=\"525\" src=\"https:\/\/redmundialdenetworkers.com\/wp-content\/uploads\/2025\/10\/Diapositiva2-1.jpeg\" class=\"attachment-large size-large wp-image-531\" alt=\"\" srcset=\"https:\/\/redmundialdenetworkers.com\/wp-content\/uploads\/2025\/10\/Diapositiva2-1.jpeg 720w, https:\/\/redmundialdenetworkers.com\/wp-content\/uploads\/2025\/10\/Diapositiva2-1-300x300.jpeg 300w, https:\/\/redmundialdenetworkers.com\/wp-content\/uploads\/2025\/10\/Diapositiva2-1-150x150.jpeg 150w, https:\/\/redmundialdenetworkers.com\/wp-content\/uploads\/2025\/10\/Diapositiva2-1-100x100.jpeg 100w\" sizes=\"100vw\" \/>\t\t\t\t\t\t\t\t\t\t\t\t\t\t\t<\/div>\n\t\t\t\t<\/div>\n\t\t\t\t\t<\/div>\n\t\t<\/div>\n\t\t\t\t\t<\/div>\n\t\t<\/section>\n\t\t\t\t<section class=\"elementor-section elementor-top-section elementor-element elementor-element-3677b5cd elementor-section-stretched elementor-section-boxed elementor-section-height-default elementor-section-height-default\" data-id=\"3677b5cd\" data-element_type=\"section\" data-settings=\"{&quot;stretch_section&quot;:&quot;section-stretched&quot;,&quot;background_background&quot;:&quot;classic&quot;}\">\n\t\t\t\t\t\t<div class=\"elementor-container elementor-column-gap-default\">\n\t\t\t\t\t<div class=\"elementor-column elementor-col-100 elementor-top-column elementor-element elementor-element-34ed49d4\" data-id=\"34ed49d4\" data-element_type=\"column\">\n\t\t\t<div class=\"elementor-widget-wrap elementor-element-populated\">\n\t\t\t\t\t\t<div class=\"elementor-element elementor-element-19fe0203 elementor-widget elementor-widget-heading\" data-id=\"19fe0203\" data-element_type=\"widget\" data-widget_type=\"heading.default\">\n\t\t\t\t<div class=\"elementor-widget-container\">\n\t\t\t\t\t<h2 class=\"elementor-heading-title elementor-size-default\">\u00bfQuieres integrarte a nuestra organizaci\u00f3n?<\/h2>\t\t\t\t<\/div>\n\t\t\t\t<\/div>\n\t\t\t\t\t<\/div>\n\t\t<\/div>\n\t\t\t\t\t<\/div>\n\t\t<\/section>\n\t\t\t\t<section class=\"elementor-section elementor-top-section elementor-element elementor-element-26a2819 elementor-section-boxed elementor-section-height-default elementor-section-height-default\" data-id=\"26a2819\" data-element_type=\"section\" data-settings=\"{&quot;background_background&quot;:&quot;classic&quot;}\">\n\t\t\t\t\t\t<div class=\"elementor-container elementor-column-gap-default\">\n\t\t\t\t\t<div class=\"elementor-column elementor-col-33 elementor-top-column elementor-element elementor-element-67db4837\" data-id=\"67db4837\" data-element_type=\"column\">\n\t\t\t<div class=\"elementor-widget-wrap\">\n\t\t\t\t\t\t\t<\/div>\n\t\t<\/div>\n\t\t\t\t<div class=\"elementor-column elementor-col-33 elementor-top-column elementor-element elementor-element-36db9da1\" data-id=\"36db9da1\" data-element_type=\"column\">\n\t\t\t<div class=\"elementor-widget-wrap elementor-element-populated\">\n\t\t\t\t\t\t<div class=\"elementor-element elementor-element-481f9d0a elementor-widget elementor-widget-text-editor\" data-id=\"481f9d0a\" data-element_type=\"widget\" data-widget_type=\"text-editor.default\">\n\t\t\t\t<div class=\"elementor-widget-container\">\n\t\t\t\t\t\t\t\t\t<p style=\"text-align: center;\"><span style=\"color: #000000;\"><strong>Si deseas formar parte de la organizaci\u00f3n, desde ya te invitamos a unirte a la Red Mundial de Networkers Conscientes.<\/strong><\/span><\/p><p style=\"text-align: center;\"><span style=\"color: #000000;\"><strong>M\u00c1NDANOS UN WHATSAPP<\/strong><\/span><\/p>\t\t\t\t\t\t\t\t<\/div>\n\t\t\t\t<\/div>\n\t\t\t\t\t<\/div>\n\t\t<\/div>\n\t\t\t\t<div class=\"elementor-column elementor-col-33 elementor-top-column elementor-element elementor-element-5b7a06ca\" data-id=\"5b7a06ca\" data-element_type=\"column\">\n\t\t\t<div class=\"elementor-widget-wrap\">\n\t\t\t\t\t\t\t<\/div>\n\t\t<\/div>\n\t\t\t\t\t<\/div>\n\t\t<\/section>\n\t\t\t\t<section class=\"elementor-section elementor-top-section elementor-element elementor-element-476826d3 elementor-section-boxed elementor-section-height-default elementor-section-height-default\" data-id=\"476826d3\" data-element_type=\"section\">\n\t\t\t\t\t\t<div class=\"elementor-container elementor-column-gap-default\">\n\t\t\t\t\t<div class=\"elementor-column elementor-col-100 elementor-top-column elementor-element elementor-element-71d4aa27\" data-id=\"71d4aa27\" data-element_type=\"column\">\n\t\t\t<div class=\"elementor-widget-wrap elementor-element-populated\">\n\t\t\t\t\t\t<div class=\"elementor-element elementor-element-69ec5d0e elementor-align-center elementor-widget elementor-widget-button\" data-id=\"69ec5d0e\" data-element_type=\"widget\" data-widget_type=\"button.default\">\n\t\t\t\t<div class=\"elementor-widget-container\">\n\t\t\t\t\t\t\t\t\t<div class=\"elementor-button-wrapper\">\n\t\t\t\t\t<a class=\"elementor-button elementor-button-link elementor-size-sm\" href=\"https:\/\/redmundialdenetworkers.com\/\">\n\t\t\t\t\t\t<span class=\"elementor-button-content-wrapper\">\n\t\t\t\t\t\t<span class=\"elementor-button-icon\">\n\t\t\t\t<svg aria-hidden=\"true\" class=\"e-font-icon-svg e-fas-hand-point-right\" viewBox=\"0 0 512 512\" xmlns=\"http:\/\/www.w3.org\/2000\/svg\"><path d=\"M512 199.652c0 23.625-20.65 43.826-44.8 43.826h-99.851c16.34 17.048 18.346 49.766-6.299 70.944 14.288 22.829 2.147 53.017-16.45 62.315C353.574 425.878 322.654 448 272 448c-2.746 0-13.276-.203-16-.195-61.971.168-76.894-31.065-123.731-38.315C120.596 407.683 112 397.599 112 385.786V214.261l.002-.001c.011-18.366 10.607-35.889 28.464-43.845 28.886-12.994 95.413-49.038 107.534-77.323 7.797-18.194 21.384-29.084 40-29.092 34.222-.014 57.752 35.098 44.119 66.908-3.583 8.359-8.312 16.67-14.153 24.918H467.2c23.45 0 44.8 20.543 44.8 43.826zM96 200v192c0 13.255-10.745 24-24 24H24c-13.255 0-24-10.745-24-24V200c0-13.255 10.745-24 24-24h48c13.255 0 24 10.745 24 24zM68 368c0-11.046-8.954-20-20-20s-20 8.954-20 20 8.954 20 20 20 20-8.954 20-20z\"><\/path><\/svg>\t\t\t<\/span>\n\t\t\t\t\t\t\t\t\t<span class=\"elementor-button-text\">ir a p\u00e1gina principal -  Red Mundial de Networkers Conscientes<\/span>\n\t\t\t\t\t<\/span>\n\t\t\t\t\t<\/a>\n\t\t\t\t<\/div>\n\t\t\t\t\t\t\t\t<\/div>\n\t\t\t\t<\/div>\n\t\t\t\t\t<\/div>\n\t\t<\/div>\n\t\t\t\t\t<\/div>\n\t\t<\/section>\n\t\t\t\t<section class=\"elementor-section elementor-top-section elementor-element elementor-element-6f705e52 elementor-section-boxed elementor-section-height-default elementor-section-height-default\" data-id=\"6f705e52\" data-element_type=\"section\" data-settings=\"{&quot;background_background&quot;:&quot;classic&quot;}\">\n\t\t\t\t\t\t<div class=\"elementor-container elementor-column-gap-default\">\n\t\t\t\t\t<div class=\"elementor-column elementor-col-33 elementor-top-column elementor-element elementor-element-3b7313d0\" data-id=\"3b7313d0\" data-element_type=\"column\">\n\t\t\t<div class=\"elementor-widget-wrap elementor-element-populated\">\n\t\t\t\t\t\t<div class=\"elementor-element elementor-element-5ecd7c74 elementor-widget elementor-widget-text-editor\" data-id=\"5ecd7c74\" data-element_type=\"widget\" data-widget_type=\"text-editor.default\">\n\t\t\t\t<div class=\"elementor-widget-container\">\n\t\t\t\t\t\t\t\t\t<p>All Rights Reserved 2025<\/p>\t\t\t\t\t\t\t\t<\/div>\n\t\t\t\t<\/div>\n\t\t\t\t\t<\/div>\n\t\t<\/div>\n\t\t\t\t<div class=\"elementor-column elementor-col-33 elementor-top-column elementor-element elementor-element-37805634\" data-id=\"37805634\" data-element_type=\"column\">\n\t\t\t<div class=\"elementor-widget-wrap elementor-element-populated\">\n\t\t\t\t\t\t<div class=\"elementor-element elementor-element-7a6fb9b3 elementor-widget elementor-widget-text-editor\" data-id=\"7a6fb9b3\" data-element_type=\"widget\" data-widget_type=\"text-editor.default\">\n\t\t\t\t<div class=\"elementor-widget-container\">\n\t\t\t\t\t\t\t\t\t<p><span style=\"color: #ffffff;\"><a style=\"color: #ffffff;\" href=\"https:\/\/miseventos.online\/tupaginaweb\/\" target=\"_blank\" rel=\"noopener\">Webmaster:<\/a><\/span><\/p>\t\t\t\t\t\t\t\t<\/div>\n\t\t\t\t<\/div>\n\t\t\t\t\t<\/div>\n\t\t<\/div>\n\t\t\t\t<div class=\"elementor-column elementor-col-33 elementor-top-column elementor-element elementor-element-3f5d63fa\" data-id=\"3f5d63fa\" data-element_type=\"column\">\n\t\t\t<div class=\"elementor-widget-wrap elementor-element-populated\">\n\t\t\t\t\t\t<div class=\"elementor-element elementor-element-480daca7 elementor-widget elementor-widget-text-editor\" data-id=\"480daca7\" data-element_type=\"widget\" data-widget_type=\"text-editor.default\">\n\t\t\t\t<div class=\"elementor-widget-container\">\n\t\t\t\t\t\t\t\t\t<p><span style=\"color: #ffffff;\"><a style=\"color: #ffffff;\" href=\"https:\/\/miseventos.online\/tupaginaweb\/\" target=\"_blank\" rel=\"noopener\">Dr-. Marco Ontiveros<\/a><\/span><\/p>\t\t\t\t\t\t\t\t<\/div>\n\t\t\t\t<\/div>\n\t\t\t\t\t<\/div>\n\t\t<\/div>\n\t\t\t\t\t<\/div>\n\t\t<\/section>\n\t\t\t\t<\/div>\n\t\t","protected":false},"excerpt":{"rendered":"<p>EDMARYS MEN\u00c9NDEZ miembro CONECTOR GLOBAL USA PRESENTACI\u00d3N PERSONAL Edmarys Men\u00e9ndez es una mujer joven, carism\u00e1tica y motivadora. No tiene miedo de probar nuevos encuentros y se compromete con todo aquello de lo que decide formar parte. Es bailarina desde los cinco a\u00f1os y ha participado en varios Concursos Nacionales a lo largo de los a\u00f1os &hellip; <\/p>\n<p class=\"link-more\"><a href=\"https:\/\/redmundialdenetworkers.com\/index.php\/conectorglobal-edmarysmenendez\/\" class=\"more-link\">Continuar leyendo<span class=\"screen-reader-text\"> &#8220;Conector Global-Edmarys Men\u00e9ndez&#8221;<\/span><\/a><\/p>\n","protected":false},"author":1,"featured_media":0,"parent":0,"menu_order":0,"comment_status":"closed","ping_status":"closed","template":"elementor_canvas","meta":{"_joinchat":[],"footnotes":""},"class_list":["post-441","page","type-page","status-publish","hentry"],"_links":{"self":[{"href":"https:\/\/redmundialdenetworkers.com\/index.php\/wp-json\/wp\/v2\/pages\/441","targetHints":{"allow":["GET"]}}],"collection":[{"href":"https:\/\/redmundialdenetworkers.com\/index.php\/wp-json\/wp\/v2\/pages"}],"about":[{"href":"https:\/\/redmundialdenetworkers.com\/index.php\/wp-json\/wp\/v2\/types\/page"}],"author":[{"embeddable":true,"href":"https:\/\/redmundialdenetworkers.com\/index.php\/wp-json\/wp\/v2\/users\/1"}],"replies":[{"embeddable":true,"href":"https:\/\/redmundialdenetworkers.com\/index.php\/wp-json\/wp\/v2\/comments?post=441"}],"version-history":[{"count":17,"href":"https:\/\/redmundialdenetworkers.com\/index.php\/wp-json\/wp\/v2\/pages\/441\/revisions"}],"predecessor-version":[{"id":554,"href":"https:\/\/redmundialdenetworkers.com\/index.php\/wp-json\/wp\/v2\/pages\/441\/revisions\/554"}],"wp:attachment":[{"href":"https:\/\/redmundialdenetworkers.com\/index.php\/wp-json\/wp\/v2\/media?parent=441"}],"curies":[{"name":"wp","href":"https:\/\/api.w.org\/{rel}","templated":true}]}}