{"id":396,"date":"2025-10-08T00:56:21","date_gmt":"2025-10-08T00:56:21","guid":{"rendered":"https:\/\/redmundialdenetworkers.com\/?page_id=396"},"modified":"2025-10-09T16:47:59","modified_gmt":"2025-10-09T16:47:59","slug":"conectorglobal-raysalopez","status":"publish","type":"page","link":"https:\/\/redmundialdenetworkers.com\/index.php\/conectorglobal-raysalopez\/","title":{"rendered":"Conector Global-Raysa L\u00f3pez"},"content":{"rendered":"\t\t<div data-elementor-type=\"wp-page\" data-elementor-id=\"396\" class=\"elementor elementor-396\" data-elementor-post-type=\"page\">\n\t\t\t\t\t\t<section class=\"elementor-section elementor-top-section elementor-element elementor-element-2b94dc3d elementor-section-stretched elementor-section-boxed elementor-section-height-default elementor-section-height-default\" data-id=\"2b94dc3d\" data-element_type=\"section\" data-settings=\"{&quot;stretch_section&quot;:&quot;section-stretched&quot;,&quot;background_background&quot;:&quot;classic&quot;}\">\n\t\t\t\t\t\t<div class=\"elementor-container elementor-column-gap-default\">\n\t\t\t\t\t<div class=\"elementor-column elementor-col-33 elementor-top-column elementor-element elementor-element-7b0c6cbc\" data-id=\"7b0c6cbc\" data-element_type=\"column\">\n\t\t\t<div class=\"elementor-widget-wrap elementor-element-populated\">\n\t\t\t\t\t\t<div class=\"elementor-element elementor-element-508da6f1 elementor-widget elementor-widget-image\" data-id=\"508da6f1\" data-element_type=\"widget\" data-widget_type=\"image.default\">\n\t\t\t\t<div class=\"elementor-widget-container\">\n\t\t\t\t\t\t\t\t\t\t\t\t\t\t\t\t<a href=\"https:\/\/redmundialdeescritores.com\/\">\n\t\t\t\t\t\t\t<img fetchpriority=\"high\" decoding=\"async\" width=\"300\" height=\"300\" src=\"https:\/\/redmundialdenetworkers.com\/wp-content\/uploads\/2025\/06\/logo-RMNPC-1-300x300.jpeg\" class=\"attachment-medium size-medium wp-image-62\" alt=\"\" srcset=\"https:\/\/redmundialdenetworkers.com\/wp-content\/uploads\/2025\/06\/logo-RMNPC-1-300x300.jpeg 300w, https:\/\/redmundialdenetworkers.com\/wp-content\/uploads\/2025\/06\/logo-RMNPC-1-150x150.jpeg 150w, https:\/\/redmundialdenetworkers.com\/wp-content\/uploads\/2025\/06\/logo-RMNPC-1-768x768.jpeg 768w, https:\/\/redmundialdenetworkers.com\/wp-content\/uploads\/2025\/06\/logo-RMNPC-1.jpeg 1024w\" sizes=\"100vw\" \/>\t\t\t\t\t\t\t\t<\/a>\n\t\t\t\t\t\t\t\t\t\t\t\t\t\t\t<\/div>\n\t\t\t\t<\/div>\n\t\t\t\t\t<\/div>\n\t\t<\/div>\n\t\t\t\t<div class=\"elementor-column elementor-col-33 elementor-top-column elementor-element elementor-element-605ad646\" data-id=\"605ad646\" data-element_type=\"column\">\n\t\t\t<div class=\"elementor-widget-wrap elementor-element-populated\">\n\t\t\t\t\t\t<div class=\"elementor-element elementor-element-1141ad24 elementor-widget elementor-widget-heading\" data-id=\"1141ad24\" data-element_type=\"widget\" data-widget_type=\"heading.default\">\n\t\t\t\t<div class=\"elementor-widget-container\">\n\t\t\t\t\t<h2 class=\"elementor-heading-title elementor-size-default\">RAYSA L\u00d3PEZ<\/h2>\t\t\t\t<\/div>\n\t\t\t\t<\/div>\n\t\t\t\t<div class=\"elementor-element elementor-element-3a482ee4 elementor-widget elementor-widget-heading\" data-id=\"3a482ee4\" data-element_type=\"widget\" data-widget_type=\"heading.default\">\n\t\t\t\t<div class=\"elementor-widget-container\">\n\t\t\t\t\t<h2 class=\"elementor-heading-title elementor-size-default\">miembro\n<br>CONECTOR GLOBAL<\/h2>\t\t\t\t<\/div>\n\t\t\t\t<\/div>\n\t\t\t\t\t<\/div>\n\t\t<\/div>\n\t\t\t\t<div class=\"elementor-column elementor-col-33 elementor-top-column elementor-element elementor-element-7cd9f419\" data-id=\"7cd9f419\" data-element_type=\"column\">\n\t\t\t<div class=\"elementor-widget-wrap elementor-element-populated\">\n\t\t\t\t\t\t<div class=\"elementor-element elementor-element-38d26bb5 elementor-widget elementor-widget-image\" data-id=\"38d26bb5\" data-element_type=\"widget\" data-widget_type=\"image.default\">\n\t\t\t\t<div class=\"elementor-widget-container\">\n\t\t\t\t\t\t\t\t\t\t\t\t<figure class=\"wp-caption\">\n\t\t\t\t\t\t\t\t\t\t\t<a href=\"https:\/\/redmundialdenetworkers.com\/index.php\/miembros-usa\/\">\n\t\t\t\t\t\t\t<img decoding=\"async\" width=\"269\" height=\"269\" src=\"https:\/\/redmundialdenetworkers.com\/wp-content\/uploads\/2025\/06\/formato-banderas-USA.png\" class=\"attachment-medium size-medium wp-image-43\" alt=\"\" srcset=\"https:\/\/redmundialdenetworkers.com\/wp-content\/uploads\/2025\/06\/formato-banderas-USA.png 269w, https:\/\/redmundialdenetworkers.com\/wp-content\/uploads\/2025\/06\/formato-banderas-USA-150x150.png 150w\" sizes=\"100vw\" \/>\t\t\t\t\t\t\t\t<\/a>\n\t\t\t\t\t\t\t\t\t\t\t<figcaption class=\"widget-image-caption wp-caption-text\">USA<\/figcaption>\n\t\t\t\t\t\t\t\t\t\t<\/figure>\n\t\t\t\t\t\t\t\t\t<\/div>\n\t\t\t\t<\/div>\n\t\t\t\t\t<\/div>\n\t\t<\/div>\n\t\t\t\t\t<\/div>\n\t\t<\/section>\n\t\t\t\t<section class=\"elementor-section elementor-top-section elementor-element elementor-element-50ee418e elementor-section-boxed elementor-section-height-default elementor-section-height-default\" data-id=\"50ee418e\" data-element_type=\"section\">\n\t\t\t\t\t\t<div class=\"elementor-container elementor-column-gap-default\">\n\t\t\t\t\t<div class=\"elementor-column elementor-col-50 elementor-top-column elementor-element elementor-element-774efba7\" data-id=\"774efba7\" data-element_type=\"column\">\n\t\t\t<div class=\"elementor-widget-wrap elementor-element-populated\">\n\t\t\t\t\t\t<div class=\"elementor-element elementor-element-1f31114a elementor-widget elementor-widget-text-editor\" data-id=\"1f31114a\" data-element_type=\"widget\" data-widget_type=\"text-editor.default\">\n\t\t\t\t<div class=\"elementor-widget-container\">\n\t\t\t\t\t\t\t\t\t<h4 class=\"elementor-heading-title elementor-size-default\" style=\"text-align: center;\"><span style=\"color: #000000;\">PRESENTACI\u00d3N PERSONAL<\/span><\/h4><p><span style=\"color: #000000;\">Raysa L\u00f3pez es \u201cLa Doctora Consciencia\u201d<\/span><\/p><p><span style=\"color: #000000;\">Sanadora Holistica y Consciente. Creadora de la Metodolog\u00eda ReikiZenLife ( RZL ) y del M\u00e9todo ARC 3 en 3 (Auto- Reflexi\u00f3n en Consciencia). Creadora del Concepto Humano 9.0, una versi\u00f3n equilibrada y consciente del Ser Humano.<\/span><\/p><p><span style=\"color: #000000;\">Actualmente Fundadora y Directora General de la Emisora Internacional Radio Amor y Consciencia. Creadora del evento Cumbre Internacional Almas Conscientes cada a\u00f1o en el mes de Junio. Creadora del Festival Hol\u00edstico ReikiZenLife cada a\u00f1o en el mes de Diciembre.<\/span><\/p><p><span style=\"color: #000000;\">Con un Doctorado Honoris Causa. Es Embajadora de la Paz, y Presidente representante la Florida- USA para La Fundaci\u00f3n Madre Teresa de Calcuta. Graduada con Maestr\u00eda en Hipnosis Cl\u00ednica. Con Maestr\u00eda en Reiki. Con Maestria en Coach de Vida y Corporativo. Facilitadora en Barras de Access Consciousness. Es Master ZenCoach. Certificada en Yoga de la Risa. Adem\u00e1s, es Locutora, Conferencista Internacional y Escritora.\u00a0\u00a0Con does obras publicadas:<\/span><\/p><p><span style=\"color: #000000;\">SABER QUE SE PUEDE REFLEXIONES Y M\u00c1S\u2026 y el Best Seller en Amazon USA y Mexico HUMANO 9.0 Versi\u00f3n actualizada del Ser Humano en medio del Caos.<\/span><\/p><p><span style=\"color: #000000;\">Por m\u00e1s de 4 a\u00f1os lleva la Presidencia Ejecutiva de La Red Mundial De Consciencia.Es la Directora representante de los Estados Unidos USA para STEAM y ROB\u00d3TICA.<\/span><\/p><p><span style=\"color: #000000;\">\u00a0Es la Fundadora y CEO de ReikiZenLife Holistic &amp; Conscious Academy Center. Fundadora de La Red Mundial de Metaf\u00edsica- ofreciendo ense\u00f1anzas espirituales. Fundadora de La Red Mundial de Sanaci\u00f3n Holistica. Fundadora de La Revista Humanidad Consciente.<\/span><\/p><p><span style=\"color: #000000;\">La Dra Consciencia es una mujer empoderada y capaz. Es una persona alegre, humanitaria, divertida, positiva, consciente y muy agradecida. Se considera una mujer muy bendecida por la vida y vive desde el amor. Cuenta con el cari\u00f1o, apoyo y amor de muchos seres humanos que siempre agradecen su colaboraci\u00f3n a un mundo mejor.\u00a0<\/span><\/p><p><span style=\"color: #000000;\">La Dra Consciencia es tambi\u00e9n colaboradora para varias revistas con art\u00edculos mensuales. Tambi\u00e9n tiene su propio blog donde comparte contenido para seguir creando Consciencia y evolucionando el Ser.<\/span><\/p><p><span style=\"color: #000000;\">Su Misi\u00f3n-Incrementar la calidad de vida en la humanidad logrando sanar las heridas de tu Alma, que vivas desde el amor, liberando tu Ser, armonizando tu vida y as\u00ed elevar la consciencia en toda la humanidad.<\/span><\/p><p><span style=\"color: #000000;\">Su Visi\u00f3n-Impactar al mundo con su Metodolog\u00eda y Concepto logrando que t\u00fa seas cada d\u00eda una mejor versi\u00f3n de ti mismo en Plena Consciencia.<\/span><\/p><p><span style=\"color: #000000;\">Subscr\u00edbete a su canal de YouTube\u00a0<a style=\"color: #000000;\" href=\"https:\/\/www.youtube.com\/@ladoctoraconsciencia2992\">https:\/\/www.youtube.com\/@ladoctoraconsciencia2992<\/a><\/span><\/p><p><span style=\"color: #000000;\">S\u00edguela en Instagram\u00a0<a style=\"color: #000000;\" href=\"https:\/\/instagram.com\/ladoctoraconsciencia?igshid=YmMyMTA2M2Y=\">https:\/\/instagram.com\/ladoctoraconsciencia?igshid=YmMyMTA2M2Y=<\/a><\/span><\/p><p><span style=\"color: #000000;\">\u00danete a la Comunidad Tribu Almas Conscientes :<\/span><\/p><p><span style=\"color: #000000;\"><a style=\"color: #000000;\" href=\"https:\/\/www.facebook.com\/groups\/763352584561129\/?ref=share\">https:\/\/www.facebook.com\/groups\/763352584561129\/?ref=share<\/a><\/span><\/p><p><span style=\"color: #000000;\">Visita su Website\u00a0<a style=\"color: #000000;\" href=\"http:\/\/www.ReikiZenLife.com\">www.ReikiZenLife.com<\/a>\u00a0\u2013\u00a0<a style=\"color: #000000;\" href=\"http:\/\/www.ladoctoraconsciencia.com\">www.ladoctoraconsciencia.com<\/a><\/span><\/p>\t\t\t\t\t\t\t\t<\/div>\n\t\t\t\t<\/div>\n\t\t\t\t\t<\/div>\n\t\t<\/div>\n\t\t\t\t<div class=\"elementor-column elementor-col-50 elementor-top-column elementor-element elementor-element-39f9a891\" data-id=\"39f9a891\" data-element_type=\"column\">\n\t\t\t<div class=\"elementor-widget-wrap elementor-element-populated\">\n\t\t\t\t\t\t<div class=\"elementor-element elementor-element-36c558d6 elementor-invisible elementor-widget elementor-widget-image\" data-id=\"36c558d6\" data-element_type=\"widget\" data-settings=\"{&quot;_animation&quot;:&quot;fadeIn&quot;}\" data-widget_type=\"image.default\">\n\t\t\t\t<div class=\"elementor-widget-container\">\n\t\t\t\t\t\t\t\t\t\t\t\t<figure class=\"wp-caption\">\n\t\t\t\t\t\t\t\t\t\t<img decoding=\"async\" width=\"261\" height=\"262\" src=\"https:\/\/redmundialdenetworkers.com\/wp-content\/uploads\/2025\/06\/1-imagen-persona1-RaysaLopez.jpg\" class=\"elementor-animation-grow attachment-large size-large wp-image-41\" alt=\"\" srcset=\"https:\/\/redmundialdenetworkers.com\/wp-content\/uploads\/2025\/06\/1-imagen-persona1-RaysaLopez.jpg 261w, https:\/\/redmundialdenetworkers.com\/wp-content\/uploads\/2025\/06\/1-imagen-persona1-RaysaLopez-150x150.jpg 150w\" sizes=\"100vw\" \/>\t\t\t\t\t\t\t\t\t\t\t<figcaption class=\"widget-image-caption wp-caption-text\">Raysa L\u00f3pez<\/figcaption>\n\t\t\t\t\t\t\t\t\t\t<\/figure>\n\t\t\t\t\t\t\t\t\t<\/div>\n\t\t\t\t<\/div>\n\t\t\t\t\t<\/div>\n\t\t<\/div>\n\t\t\t\t\t<\/div>\n\t\t<\/section>\n\t\t\t\t<section class=\"elementor-section elementor-top-section elementor-element elementor-element-780a367e elementor-section-stretched elementor-section-boxed elementor-section-height-default elementor-section-height-default\" data-id=\"780a367e\" data-element_type=\"section\" data-settings=\"{&quot;stretch_section&quot;:&quot;section-stretched&quot;,&quot;background_background&quot;:&quot;classic&quot;}\">\n\t\t\t\t\t\t<div class=\"elementor-container elementor-column-gap-default\">\n\t\t\t\t\t<div class=\"elementor-column elementor-col-100 elementor-top-column elementor-element elementor-element-51e82293\" data-id=\"51e82293\" data-element_type=\"column\">\n\t\t\t<div class=\"elementor-widget-wrap elementor-element-populated\">\n\t\t\t\t\t\t<div class=\"elementor-element elementor-element-229fe89b elementor-widget elementor-widget-heading\" data-id=\"229fe89b\" data-element_type=\"widget\" data-widget_type=\"heading.default\">\n\t\t\t\t<div class=\"elementor-widget-container\">\n\t\t\t\t\t<h2 class=\"elementor-heading-title elementor-size-default\">ACREDITACI\u00d3N<\/h2>\t\t\t\t<\/div>\n\t\t\t\t<\/div>\n\t\t\t\t\t<\/div>\n\t\t<\/div>\n\t\t\t\t\t<\/div>\n\t\t<\/section>\n\t\t\t\t<section class=\"elementor-section elementor-top-section elementor-element elementor-element-31e82d9c elementor-section-boxed elementor-section-height-default elementor-section-height-default\" data-id=\"31e82d9c\" data-element_type=\"section\">\n\t\t\t\t\t\t<div class=\"elementor-container elementor-column-gap-default\">\n\t\t\t\t\t<div class=\"elementor-column elementor-col-50 elementor-top-column elementor-element elementor-element-4f22f5ba\" data-id=\"4f22f5ba\" data-element_type=\"column\">\n\t\t\t<div class=\"elementor-widget-wrap elementor-element-populated\">\n\t\t\t\t\t\t<div class=\"elementor-element elementor-element-1ee55efc elementor-widget elementor-widget-image\" data-id=\"1ee55efc\" data-element_type=\"widget\" data-widget_type=\"image.default\">\n\t\t\t\t<div class=\"elementor-widget-container\">\n\t\t\t\t\t\t\t\t\t\t\t\t\t\t\t<img loading=\"lazy\" decoding=\"async\" width=\"720\" height=\"540\" src=\"https:\/\/redmundialdenetworkers.com\/wp-content\/uploads\/2025\/10\/Diapositiva7.jpeg\" class=\"attachment-full size-full wp-image-504\" alt=\"\" srcset=\"https:\/\/redmundialdenetworkers.com\/wp-content\/uploads\/2025\/10\/Diapositiva7.jpeg 720w, https:\/\/redmundialdenetworkers.com\/wp-content\/uploads\/2025\/10\/Diapositiva7-300x225.jpeg 300w\" sizes=\"100vw\" \/>\t\t\t\t\t\t\t\t\t\t\t\t\t\t\t<\/div>\n\t\t\t\t<\/div>\n\t\t\t\t\t<\/div>\n\t\t<\/div>\n\t\t\t\t<div class=\"elementor-column elementor-col-50 elementor-top-column elementor-element elementor-element-10987cb2\" data-id=\"10987cb2\" data-element_type=\"column\">\n\t\t\t<div class=\"elementor-widget-wrap elementor-element-populated\">\n\t\t\t\t\t\t<div class=\"elementor-element elementor-element-1d7522dc elementor-widget elementor-widget-image\" data-id=\"1d7522dc\" data-element_type=\"widget\" data-widget_type=\"image.default\">\n\t\t\t\t<div class=\"elementor-widget-container\">\n\t\t\t\t\t\t\t\t\t\t\t\t\t\t\t<img loading=\"lazy\" decoding=\"async\" width=\"525\" height=\"525\" src=\"https:\/\/redmundialdenetworkers.com\/wp-content\/uploads\/2025\/10\/Diapositiva7-1.jpeg\" class=\"attachment-large size-large wp-image-505\" alt=\"\" srcset=\"https:\/\/redmundialdenetworkers.com\/wp-content\/uploads\/2025\/10\/Diapositiva7-1.jpeg 720w, https:\/\/redmundialdenetworkers.com\/wp-content\/uploads\/2025\/10\/Diapositiva7-1-300x300.jpeg 300w, https:\/\/redmundialdenetworkers.com\/wp-content\/uploads\/2025\/10\/Diapositiva7-1-150x150.jpeg 150w, https:\/\/redmundialdenetworkers.com\/wp-content\/uploads\/2025\/10\/Diapositiva7-1-100x100.jpeg 100w\" sizes=\"100vw\" \/>\t\t\t\t\t\t\t\t\t\t\t\t\t\t\t<\/div>\n\t\t\t\t<\/div>\n\t\t\t\t\t<\/div>\n\t\t<\/div>\n\t\t\t\t\t<\/div>\n\t\t<\/section>\n\t\t\t\t<section class=\"elementor-section elementor-top-section elementor-element elementor-element-35a5bf5 elementor-section-stretched elementor-section-boxed elementor-section-height-default elementor-section-height-default\" data-id=\"35a5bf5\" data-element_type=\"section\" data-settings=\"{&quot;stretch_section&quot;:&quot;section-stretched&quot;,&quot;background_background&quot;:&quot;classic&quot;}\">\n\t\t\t\t\t\t<div class=\"elementor-container elementor-column-gap-default\">\n\t\t\t\t\t<div class=\"elementor-column elementor-col-100 elementor-top-column elementor-element elementor-element-1ad50010\" data-id=\"1ad50010\" data-element_type=\"column\">\n\t\t\t<div class=\"elementor-widget-wrap elementor-element-populated\">\n\t\t\t\t\t\t<div class=\"elementor-element elementor-element-750e92fb elementor-widget elementor-widget-heading\" data-id=\"750e92fb\" data-element_type=\"widget\" data-widget_type=\"heading.default\">\n\t\t\t\t<div class=\"elementor-widget-container\">\n\t\t\t\t\t<h2 class=\"elementor-heading-title elementor-size-default\">\u00bfQuieres integrarte a nuestra organizaci\u00f3n?<\/h2>\t\t\t\t<\/div>\n\t\t\t\t<\/div>\n\t\t\t\t\t<\/div>\n\t\t<\/div>\n\t\t\t\t\t<\/div>\n\t\t<\/section>\n\t\t\t\t<section class=\"elementor-section elementor-top-section elementor-element elementor-element-7f7309d0 elementor-section-boxed elementor-section-height-default elementor-section-height-default\" data-id=\"7f7309d0\" data-element_type=\"section\" data-settings=\"{&quot;background_background&quot;:&quot;classic&quot;}\">\n\t\t\t\t\t\t<div class=\"elementor-container elementor-column-gap-default\">\n\t\t\t\t\t<div class=\"elementor-column elementor-col-33 elementor-top-column elementor-element elementor-element-50a1062e\" data-id=\"50a1062e\" data-element_type=\"column\">\n\t\t\t<div class=\"elementor-widget-wrap\">\n\t\t\t\t\t\t\t<\/div>\n\t\t<\/div>\n\t\t\t\t<div class=\"elementor-column elementor-col-33 elementor-top-column elementor-element elementor-element-664f092c\" data-id=\"664f092c\" data-element_type=\"column\">\n\t\t\t<div class=\"elementor-widget-wrap elementor-element-populated\">\n\t\t\t\t\t\t<div class=\"elementor-element elementor-element-4bb6f0a elementor-widget elementor-widget-text-editor\" data-id=\"4bb6f0a\" data-element_type=\"widget\" data-widget_type=\"text-editor.default\">\n\t\t\t\t<div class=\"elementor-widget-container\">\n\t\t\t\t\t\t\t\t\t<p style=\"text-align: center;\"><span style=\"color: #000000;\"><strong>Si deseas formar parte de la organizaci\u00f3n, desde ya te invitamos a unirte a la Red Mundial de Networkers Conscientes.<\/strong><\/span><\/p><p style=\"text-align: center;\"><span style=\"color: #000000;\"><strong>M\u00c1NDANOS UN WHATSAPP<\/strong><\/span><\/p>\t\t\t\t\t\t\t\t<\/div>\n\t\t\t\t<\/div>\n\t\t\t\t\t<\/div>\n\t\t<\/div>\n\t\t\t\t<div class=\"elementor-column elementor-col-33 elementor-top-column elementor-element elementor-element-14ff939a\" data-id=\"14ff939a\" data-element_type=\"column\">\n\t\t\t<div class=\"elementor-widget-wrap\">\n\t\t\t\t\t\t\t<\/div>\n\t\t<\/div>\n\t\t\t\t\t<\/div>\n\t\t<\/section>\n\t\t\t\t<section class=\"elementor-section elementor-top-section elementor-element elementor-element-6d394ce3 elementor-section-boxed elementor-section-height-default elementor-section-height-default\" data-id=\"6d394ce3\" data-element_type=\"section\">\n\t\t\t\t\t\t<div class=\"elementor-container elementor-column-gap-default\">\n\t\t\t\t\t<div class=\"elementor-column elementor-col-100 elementor-top-column elementor-element elementor-element-2036b870\" data-id=\"2036b870\" data-element_type=\"column\">\n\t\t\t<div class=\"elementor-widget-wrap elementor-element-populated\">\n\t\t\t\t\t\t<div class=\"elementor-element elementor-element-3f141e3c elementor-align-center elementor-widget elementor-widget-button\" data-id=\"3f141e3c\" data-element_type=\"widget\" data-widget_type=\"button.default\">\n\t\t\t\t<div class=\"elementor-widget-container\">\n\t\t\t\t\t\t\t\t\t<div class=\"elementor-button-wrapper\">\n\t\t\t\t\t<a class=\"elementor-button elementor-button-link elementor-size-sm\" href=\"https:\/\/redmundialdenetworkers.com\/\">\n\t\t\t\t\t\t<span class=\"elementor-button-content-wrapper\">\n\t\t\t\t\t\t<span class=\"elementor-button-icon\">\n\t\t\t\t<svg aria-hidden=\"true\" class=\"e-font-icon-svg e-fas-hand-point-right\" viewBox=\"0 0 512 512\" xmlns=\"http:\/\/www.w3.org\/2000\/svg\"><path d=\"M512 199.652c0 23.625-20.65 43.826-44.8 43.826h-99.851c16.34 17.048 18.346 49.766-6.299 70.944 14.288 22.829 2.147 53.017-16.45 62.315C353.574 425.878 322.654 448 272 448c-2.746 0-13.276-.203-16-.195-61.971.168-76.894-31.065-123.731-38.315C120.596 407.683 112 397.599 112 385.786V214.261l.002-.001c.011-18.366 10.607-35.889 28.464-43.845 28.886-12.994 95.413-49.038 107.534-77.323 7.797-18.194 21.384-29.084 40-29.092 34.222-.014 57.752 35.098 44.119 66.908-3.583 8.359-8.312 16.67-14.153 24.918H467.2c23.45 0 44.8 20.543 44.8 43.826zM96 200v192c0 13.255-10.745 24-24 24H24c-13.255 0-24-10.745-24-24V200c0-13.255 10.745-24 24-24h48c13.255 0 24 10.745 24 24zM68 368c0-11.046-8.954-20-20-20s-20 8.954-20 20 8.954 20 20 20 20-8.954 20-20z\"><\/path><\/svg>\t\t\t<\/span>\n\t\t\t\t\t\t\t\t\t<span class=\"elementor-button-text\">ir a p\u00e1gina principal -  Red Mundial de Networkers Conscientes<\/span>\n\t\t\t\t\t<\/span>\n\t\t\t\t\t<\/a>\n\t\t\t\t<\/div>\n\t\t\t\t\t\t\t\t<\/div>\n\t\t\t\t<\/div>\n\t\t\t\t\t<\/div>\n\t\t<\/div>\n\t\t\t\t\t<\/div>\n\t\t<\/section>\n\t\t\t\t<section class=\"elementor-section elementor-top-section elementor-element elementor-element-e05dd1 elementor-section-boxed elementor-section-height-default elementor-section-height-default\" data-id=\"e05dd1\" data-element_type=\"section\" data-settings=\"{&quot;background_background&quot;:&quot;classic&quot;}\">\n\t\t\t\t\t\t<div class=\"elementor-container elementor-column-gap-default\">\n\t\t\t\t\t<div class=\"elementor-column elementor-col-33 elementor-top-column elementor-element elementor-element-7bd9a597\" data-id=\"7bd9a597\" data-element_type=\"column\">\n\t\t\t<div class=\"elementor-widget-wrap elementor-element-populated\">\n\t\t\t\t\t\t<div class=\"elementor-element elementor-element-602018f5 elementor-widget elementor-widget-text-editor\" data-id=\"602018f5\" data-element_type=\"widget\" data-widget_type=\"text-editor.default\">\n\t\t\t\t<div class=\"elementor-widget-container\">\n\t\t\t\t\t\t\t\t\t<p>All Rights Reserved 2025<\/p>\t\t\t\t\t\t\t\t<\/div>\n\t\t\t\t<\/div>\n\t\t\t\t\t<\/div>\n\t\t<\/div>\n\t\t\t\t<div class=\"elementor-column elementor-col-33 elementor-top-column elementor-element elementor-element-36451bfe\" data-id=\"36451bfe\" data-element_type=\"column\">\n\t\t\t<div class=\"elementor-widget-wrap elementor-element-populated\">\n\t\t\t\t\t\t<div class=\"elementor-element elementor-element-2b84ac56 elementor-widget elementor-widget-text-editor\" data-id=\"2b84ac56\" data-element_type=\"widget\" data-widget_type=\"text-editor.default\">\n\t\t\t\t<div class=\"elementor-widget-container\">\n\t\t\t\t\t\t\t\t\t<p><span style=\"color: #ffffff;\"><a style=\"color: #ffffff;\" href=\"https:\/\/miseventos.online\/tupaginaweb\/\" target=\"_blank\" rel=\"noopener\">Webmaster:<\/a><\/span><\/p>\t\t\t\t\t\t\t\t<\/div>\n\t\t\t\t<\/div>\n\t\t\t\t\t<\/div>\n\t\t<\/div>\n\t\t\t\t<div class=\"elementor-column elementor-col-33 elementor-top-column elementor-element elementor-element-12bf70dc\" data-id=\"12bf70dc\" data-element_type=\"column\">\n\t\t\t<div class=\"elementor-widget-wrap elementor-element-populated\">\n\t\t\t\t\t\t<div class=\"elementor-element elementor-element-2706eca9 elementor-widget elementor-widget-text-editor\" data-id=\"2706eca9\" data-element_type=\"widget\" data-widget_type=\"text-editor.default\">\n\t\t\t\t<div class=\"elementor-widget-container\">\n\t\t\t\t\t\t\t\t\t<p><span style=\"color: #ffffff;\"><a style=\"color: #ffffff;\" href=\"https:\/\/miseventos.online\/tupaginaweb\/\" target=\"_blank\" rel=\"noopener\">Dr-. Marco Ontiveros<\/a><\/span><\/p>\t\t\t\t\t\t\t\t<\/div>\n\t\t\t\t<\/div>\n\t\t\t\t\t<\/div>\n\t\t<\/div>\n\t\t\t\t\t<\/div>\n\t\t<\/section>\n\t\t\t\t<\/div>\n\t\t","protected":false},"excerpt":{"rendered":"<p>RAYSA L\u00d3PEZ miembro CONECTOR GLOBAL USA PRESENTACI\u00d3N PERSONAL Raysa L\u00f3pez es \u201cLa Doctora Consciencia\u201d Sanadora Holistica y Consciente. Creadora de la Metodolog\u00eda ReikiZenLife ( RZL ) y del M\u00e9todo ARC 3 en 3 (Auto- Reflexi\u00f3n en Consciencia). Creadora del Concepto Humano 9.0, una versi\u00f3n equilibrada y consciente del Ser Humano. Actualmente Fundadora y Directora General &hellip; <\/p>\n<p class=\"link-more\"><a href=\"https:\/\/redmundialdenetworkers.com\/index.php\/conectorglobal-raysalopez\/\" class=\"more-link\">Continuar leyendo<span class=\"screen-reader-text\"> &#8220;Conector Global-Raysa L\u00f3pez&#8221;<\/span><\/a><\/p>\n","protected":false},"author":1,"featured_media":0,"parent":0,"menu_order":0,"comment_status":"closed","ping_status":"closed","template":"elementor_canvas","meta":{"_joinchat":[],"footnotes":""},"class_list":["post-396","page","type-page","status-publish","hentry"],"_links":{"self":[{"href":"https:\/\/redmundialdenetworkers.com\/index.php\/wp-json\/wp\/v2\/pages\/396","targetHints":{"allow":["GET"]}}],"collection":[{"href":"https:\/\/redmundialdenetworkers.com\/index.php\/wp-json\/wp\/v2\/pages"}],"about":[{"href":"https:\/\/redmundialdenetworkers.com\/index.php\/wp-json\/wp\/v2\/types\/page"}],"author":[{"embeddable":true,"href":"https:\/\/redmundialdenetworkers.com\/index.php\/wp-json\/wp\/v2\/users\/1"}],"replies":[{"embeddable":true,"href":"https:\/\/redmundialdenetworkers.com\/index.php\/wp-json\/wp\/v2\/comments?post=396"}],"version-history":[{"count":20,"href":"https:\/\/redmundialdenetworkers.com\/index.php\/wp-json\/wp\/v2\/pages\/396\/revisions"}],"predecessor-version":[{"id":564,"href":"https:\/\/redmundialdenetworkers.com\/index.php\/wp-json\/wp\/v2\/pages\/396\/revisions\/564"}],"wp:attachment":[{"href":"https:\/\/redmundialdenetworkers.com\/index.php\/wp-json\/wp\/v2\/media?parent=396"}],"curies":[{"name":"wp","href":"https:\/\/api.w.org\/{rel}","templated":true}]}}