{"id":346,"date":"2025-10-08T00:38:46","date_gmt":"2025-10-08T00:38:46","guid":{"rendered":"https:\/\/redmundialdenetworkers.com\/?page_id=346"},"modified":"2025-10-09T16:45:45","modified_gmt":"2025-10-09T16:45:45","slug":"miembros-usa","status":"publish","type":"page","link":"https:\/\/redmundialdenetworkers.com\/index.php\/miembros-usa\/","title":{"rendered":"miembros-usa"},"content":{"rendered":"\t\t<div data-elementor-type=\"wp-page\" data-elementor-id=\"346\" class=\"elementor elementor-346\" data-elementor-post-type=\"page\">\n\t\t\t\t\t\t<section class=\"elementor-section elementor-top-section elementor-element elementor-element-716c058e elementor-section-stretched elementor-section-boxed elementor-section-height-default elementor-section-height-default\" data-id=\"716c058e\" data-element_type=\"section\" data-settings=\"{&quot;stretch_section&quot;:&quot;section-stretched&quot;,&quot;background_background&quot;:&quot;classic&quot;}\">\n\t\t\t\t\t\t<div class=\"elementor-container elementor-column-gap-default\">\n\t\t\t\t\t<div class=\"elementor-column elementor-col-33 elementor-top-column elementor-element elementor-element-1dfbe3de\" data-id=\"1dfbe3de\" data-element_type=\"column\">\n\t\t\t<div class=\"elementor-widget-wrap elementor-element-populated\">\n\t\t\t\t\t\t<div class=\"elementor-element elementor-element-c15425e elementor-widget elementor-widget-image\" data-id=\"c15425e\" data-element_type=\"widget\" data-widget_type=\"image.default\">\n\t\t\t\t<div class=\"elementor-widget-container\">\n\t\t\t\t\t\t\t\t\t\t\t\t\t\t\t\t<a href=\"https:\/\/redmundialdeescritores.com\/\">\n\t\t\t\t\t\t\t<img fetchpriority=\"high\" decoding=\"async\" width=\"300\" height=\"300\" src=\"https:\/\/redmundialdenetworkers.com\/wp-content\/uploads\/2025\/06\/logo-RMNPC-1-300x300.jpeg\" class=\"attachment-medium size-medium wp-image-62\" alt=\"\" srcset=\"https:\/\/redmundialdenetworkers.com\/wp-content\/uploads\/2025\/06\/logo-RMNPC-1-300x300.jpeg 300w, https:\/\/redmundialdenetworkers.com\/wp-content\/uploads\/2025\/06\/logo-RMNPC-1-150x150.jpeg 150w, https:\/\/redmundialdenetworkers.com\/wp-content\/uploads\/2025\/06\/logo-RMNPC-1-768x768.jpeg 768w, https:\/\/redmundialdenetworkers.com\/wp-content\/uploads\/2025\/06\/logo-RMNPC-1.jpeg 1024w\" sizes=\"100vw\" \/>\t\t\t\t\t\t\t\t<\/a>\n\t\t\t\t\t\t\t\t\t\t\t\t\t\t\t<\/div>\n\t\t\t\t<\/div>\n\t\t\t\t\t<\/div>\n\t\t<\/div>\n\t\t\t\t<div class=\"elementor-column elementor-col-33 elementor-top-column elementor-element elementor-element-175a721c\" data-id=\"175a721c\" data-element_type=\"column\">\n\t\t\t<div class=\"elementor-widget-wrap elementor-element-populated\">\n\t\t\t\t\t\t<div class=\"elementor-element elementor-element-524d46d8 elementor-widget elementor-widget-heading\" data-id=\"524d46d8\" data-element_type=\"widget\" data-widget_type=\"heading.default\">\n\t\t\t\t<div class=\"elementor-widget-container\">\n\t\t\t\t\t<h2 class=\"elementor-heading-title elementor-size-default\">Miembros de <br>USA<\/h2>\t\t\t\t<\/div>\n\t\t\t\t<\/div>\n\t\t\t\t\t<\/div>\n\t\t<\/div>\n\t\t\t\t<div class=\"elementor-column elementor-col-33 elementor-top-column elementor-element elementor-element-41fc9c94\" data-id=\"41fc9c94\" data-element_type=\"column\">\n\t\t\t<div class=\"elementor-widget-wrap elementor-element-populated\">\n\t\t\t\t\t\t<div class=\"elementor-element elementor-element-1438a74c elementor-widget elementor-widget-image\" data-id=\"1438a74c\" data-element_type=\"widget\" data-widget_type=\"image.default\">\n\t\t\t\t<div class=\"elementor-widget-container\">\n\t\t\t\t\t\t\t\t\t\t\t\t<figure class=\"wp-caption\">\n\t\t\t\t\t\t\t\t\t\t<img decoding=\"async\" width=\"269\" height=\"269\" src=\"https:\/\/redmundialdenetworkers.com\/wp-content\/uploads\/2025\/06\/formato-banderas-USA.png\" class=\"attachment-medium size-medium wp-image-43\" alt=\"\" srcset=\"https:\/\/redmundialdenetworkers.com\/wp-content\/uploads\/2025\/06\/formato-banderas-USA.png 269w, https:\/\/redmundialdenetworkers.com\/wp-content\/uploads\/2025\/06\/formato-banderas-USA-150x150.png 150w\" sizes=\"100vw\" \/>\t\t\t\t\t\t\t\t\t\t\t<figcaption class=\"widget-image-caption wp-caption-text\">USA<\/figcaption>\n\t\t\t\t\t\t\t\t\t\t<\/figure>\n\t\t\t\t\t\t\t\t\t<\/div>\n\t\t\t\t<\/div>\n\t\t\t\t\t<\/div>\n\t\t<\/div>\n\t\t\t\t\t<\/div>\n\t\t<\/section>\n\t\t\t\t<section class=\"elementor-section elementor-top-section elementor-element elementor-element-462b384b elementor-section-stretched elementor-section-boxed elementor-section-height-default elementor-section-height-default\" data-id=\"462b384b\" data-element_type=\"section\" data-settings=\"{&quot;stretch_section&quot;:&quot;section-stretched&quot;,&quot;background_background&quot;:&quot;classic&quot;}\">\n\t\t\t\t\t\t<div class=\"elementor-container elementor-column-gap-default\">\n\t\t\t\t\t<div class=\"elementor-column elementor-col-100 elementor-top-column elementor-element elementor-element-28f5a95b\" data-id=\"28f5a95b\" data-element_type=\"column\">\n\t\t\t<div class=\"elementor-widget-wrap elementor-element-populated\">\n\t\t\t\t\t\t<div class=\"elementor-element elementor-element-4620560f elementor-widget elementor-widget-heading\" data-id=\"4620560f\" data-element_type=\"widget\" data-widget_type=\"heading.default\">\n\t\t\t\t<div class=\"elementor-widget-container\">\n\t\t\t\t\t<h2 class=\"elementor-heading-title elementor-size-default\">miembros activos<\/h2>\t\t\t\t<\/div>\n\t\t\t\t<\/div>\n\t\t\t\t\t<\/div>\n\t\t<\/div>\n\t\t\t\t\t<\/div>\n\t\t<\/section>\n\t\t\t\t<section class=\"elementor-section elementor-top-section elementor-element elementor-element-203f2cd8 elementor-section-boxed elementor-section-height-default elementor-section-height-default\" data-id=\"203f2cd8\" data-element_type=\"section\">\n\t\t\t\t\t\t<div class=\"elementor-container elementor-column-gap-default\">\n\t\t\t\t\t<div class=\"elementor-column elementor-col-20 elementor-top-column elementor-element elementor-element-6f93e50b\" data-id=\"6f93e50b\" data-element_type=\"column\">\n\t\t\t<div class=\"elementor-widget-wrap elementor-element-populated\">\n\t\t\t\t\t\t<div class=\"elementor-element elementor-element-7b47cef8 elementor-invisible elementor-widget elementor-widget-image\" data-id=\"7b47cef8\" data-element_type=\"widget\" data-settings=\"{&quot;_animation&quot;:&quot;fadeIn&quot;}\" data-widget_type=\"image.default\">\n\t\t\t\t<div class=\"elementor-widget-container\">\n\t\t\t\t\t\t\t\t\t\t\t\t<figure class=\"wp-caption\">\n\t\t\t\t\t\t\t\t\t\t\t<a href=\"https:\/\/redmundialdenetworkers.com\/index.php\/conectorglobal-raysalopez\/\">\n\t\t\t\t\t\t\t<img decoding=\"async\" width=\"261\" height=\"262\" src=\"https:\/\/redmundialdenetworkers.com\/wp-content\/uploads\/2025\/06\/1-imagen-persona1-RaysaLopez.jpg\" class=\"elementor-animation-grow attachment-medium size-medium wp-image-41\" alt=\"\" srcset=\"https:\/\/redmundialdenetworkers.com\/wp-content\/uploads\/2025\/06\/1-imagen-persona1-RaysaLopez.jpg 261w, https:\/\/redmundialdenetworkers.com\/wp-content\/uploads\/2025\/06\/1-imagen-persona1-RaysaLopez-150x150.jpg 150w\" sizes=\"100vw\" \/>\t\t\t\t\t\t\t\t<\/a>\n\t\t\t\t\t\t\t\t\t\t\t<figcaption class=\"widget-image-caption wp-caption-text\">Raysa L\u00f3pez<\/figcaption>\n\t\t\t\t\t\t\t\t\t\t<\/figure>\n\t\t\t\t\t\t\t\t\t<\/div>\n\t\t\t\t<\/div>\n\t\t\t\t\t<\/div>\n\t\t<\/div>\n\t\t\t\t<div class=\"elementor-column elementor-col-20 elementor-top-column elementor-element elementor-element-bbd37ca\" data-id=\"bbd37ca\" data-element_type=\"column\">\n\t\t\t<div class=\"elementor-widget-wrap elementor-element-populated\">\n\t\t\t\t\t\t<div class=\"elementor-element elementor-element-1cf1900 elementor-invisible elementor-widget elementor-widget-image\" data-id=\"1cf1900\" data-element_type=\"widget\" data-settings=\"{&quot;_animation&quot;:&quot;fadeIn&quot;}\" data-widget_type=\"image.default\">\n\t\t\t\t<div class=\"elementor-widget-container\">\n\t\t\t\t\t\t\t\t\t\t\t\t<figure class=\"wp-caption\">\n\t\t\t\t\t\t\t\t\t\t\t<a href=\"https:\/\/redmundialdenetworkers.com\/index.php\/conectorglobal-carymuniz\/\">\n\t\t\t\t\t\t\t<img decoding=\"async\" width=\"261\" height=\"262\" src=\"https:\/\/redmundialdenetworkers.com\/wp-content\/uploads\/2025\/06\/1-imagen-persona1-RaysaLopez.jpg\" class=\"elementor-animation-grow attachment-medium size-medium wp-image-41\" alt=\"\" srcset=\"https:\/\/redmundialdenetworkers.com\/wp-content\/uploads\/2025\/06\/1-imagen-persona1-RaysaLopez.jpg 261w, https:\/\/redmundialdenetworkers.com\/wp-content\/uploads\/2025\/06\/1-imagen-persona1-RaysaLopez-150x150.jpg 150w\" sizes=\"100vw\" \/>\t\t\t\t\t\t\t\t<\/a>\n\t\t\t\t\t\t\t\t\t\t\t<figcaption class=\"widget-image-caption wp-caption-text\">Cary Mu\u00f1\u00edz<\/figcaption>\n\t\t\t\t\t\t\t\t\t\t<\/figure>\n\t\t\t\t\t\t\t\t\t<\/div>\n\t\t\t\t<\/div>\n\t\t\t\t\t<\/div>\n\t\t<\/div>\n\t\t\t\t<div class=\"elementor-column elementor-col-20 elementor-top-column elementor-element elementor-element-8c76576\" data-id=\"8c76576\" data-element_type=\"column\">\n\t\t\t<div class=\"elementor-widget-wrap elementor-element-populated\">\n\t\t\t\t\t\t<div class=\"elementor-element elementor-element-0eeaa7c elementor-invisible elementor-widget elementor-widget-image\" data-id=\"0eeaa7c\" data-element_type=\"widget\" data-settings=\"{&quot;_animation&quot;:&quot;fadeIn&quot;}\" data-widget_type=\"image.default\">\n\t\t\t\t<div class=\"elementor-widget-container\">\n\t\t\t\t\t\t\t\t\t\t\t\t<figure class=\"wp-caption\">\n\t\t\t\t\t\t\t\t\t\t\t<a href=\"https:\/\/redmundialdenetworkers.com\/index.php\/conectorglobal-edmarysmenendez\/\">\n\t\t\t\t\t\t\t<img loading=\"lazy\" decoding=\"async\" width=\"300\" height=\"277\" src=\"https:\/\/redmundialdenetworkers.com\/wp-content\/uploads\/2025\/10\/foto-EdamrysMenendez-1-300x277.jpg\" class=\"elementor-animation-grow attachment-medium size-medium wp-image-555\" alt=\"\" srcset=\"https:\/\/redmundialdenetworkers.com\/wp-content\/uploads\/2025\/10\/foto-EdamrysMenendez-1-300x277.jpg 300w, https:\/\/redmundialdenetworkers.com\/wp-content\/uploads\/2025\/10\/foto-EdamrysMenendez-1-1024x944.jpg 1024w, https:\/\/redmundialdenetworkers.com\/wp-content\/uploads\/2025\/10\/foto-EdamrysMenendez-1-768x708.jpg 768w, https:\/\/redmundialdenetworkers.com\/wp-content\/uploads\/2025\/10\/foto-EdamrysMenendez-1.jpg 1256w\" sizes=\"100vw\" \/>\t\t\t\t\t\t\t\t<\/a>\n\t\t\t\t\t\t\t\t\t\t\t<figcaption class=\"widget-image-caption wp-caption-text\">Edmarys Men\u00e9ndez<\/figcaption>\n\t\t\t\t\t\t\t\t\t\t<\/figure>\n\t\t\t\t\t\t\t\t\t<\/div>\n\t\t\t\t<\/div>\n\t\t\t\t\t<\/div>\n\t\t<\/div>\n\t\t\t\t<div class=\"elementor-column elementor-col-20 elementor-top-column elementor-element elementor-element-7dcd751\" data-id=\"7dcd751\" data-element_type=\"column\">\n\t\t\t<div class=\"elementor-widget-wrap elementor-element-populated\">\n\t\t\t\t\t\t<div class=\"elementor-element elementor-element-4a6af93 elementor-invisible elementor-widget elementor-widget-image\" data-id=\"4a6af93\" data-element_type=\"widget\" data-settings=\"{&quot;_animation&quot;:&quot;fadeIn&quot;}\" data-widget_type=\"image.default\">\n\t\t\t\t<div class=\"elementor-widget-container\">\n\t\t\t\t\t\t\t\t\t\t\t\t<figure class=\"wp-caption\">\n\t\t\t\t\t\t\t\t\t\t\t<a href=\"https:\/\/redmundialdenetworkers.com\/index.php\/conectorglobal-mirleyserna\/\">\n\t\t\t\t\t\t\t<img decoding=\"async\" width=\"261\" height=\"262\" src=\"https:\/\/redmundialdenetworkers.com\/wp-content\/uploads\/2025\/06\/1-imagen-persona1-RaysaLopez.jpg\" class=\"elementor-animation-grow attachment-medium size-medium wp-image-41\" alt=\"\" srcset=\"https:\/\/redmundialdenetworkers.com\/wp-content\/uploads\/2025\/06\/1-imagen-persona1-RaysaLopez.jpg 261w, https:\/\/redmundialdenetworkers.com\/wp-content\/uploads\/2025\/06\/1-imagen-persona1-RaysaLopez-150x150.jpg 150w\" sizes=\"100vw\" \/>\t\t\t\t\t\t\t\t<\/a>\n\t\t\t\t\t\t\t\t\t\t\t<figcaption class=\"widget-image-caption wp-caption-text\">Mirley serna<\/figcaption>\n\t\t\t\t\t\t\t\t\t\t<\/figure>\n\t\t\t\t\t\t\t\t\t<\/div>\n\t\t\t\t<\/div>\n\t\t\t\t\t<\/div>\n\t\t<\/div>\n\t\t\t\t<div class=\"elementor-column elementor-col-20 elementor-top-column elementor-element elementor-element-0e9bb1f\" data-id=\"0e9bb1f\" data-element_type=\"column\">\n\t\t\t<div class=\"elementor-widget-wrap elementor-element-populated\">\n\t\t\t\t\t\t<div class=\"elementor-element elementor-element-53eb5ed elementor-invisible elementor-widget elementor-widget-image\" data-id=\"53eb5ed\" data-element_type=\"widget\" data-settings=\"{&quot;_animation&quot;:&quot;fadeIn&quot;}\" data-widget_type=\"image.default\">\n\t\t\t\t<div class=\"elementor-widget-container\">\n\t\t\t\t\t\t\t\t\t\t\t\t<figure class=\"wp-caption\">\n\t\t\t\t\t\t\t\t\t\t\t<a href=\"https:\/\/redmundialdenetworkers.com\/index.php\/conectorglobal-drsantos\/\">\n\t\t\t\t\t\t\t<img decoding=\"async\" width=\"261\" height=\"262\" src=\"https:\/\/redmundialdenetworkers.com\/wp-content\/uploads\/2025\/06\/1-imagen-persona1-RaysaLopez.jpg\" class=\"elementor-animation-grow attachment-medium size-medium wp-image-41\" alt=\"\" srcset=\"https:\/\/redmundialdenetworkers.com\/wp-content\/uploads\/2025\/06\/1-imagen-persona1-RaysaLopez.jpg 261w, https:\/\/redmundialdenetworkers.com\/wp-content\/uploads\/2025\/06\/1-imagen-persona1-RaysaLopez-150x150.jpg 150w\" sizes=\"100vw\" \/>\t\t\t\t\t\t\t\t<\/a>\n\t\t\t\t\t\t\t\t\t\t\t<figcaption class=\"widget-image-caption wp-caption-text\">Dr. Santos<\/figcaption>\n\t\t\t\t\t\t\t\t\t\t<\/figure>\n\t\t\t\t\t\t\t\t\t<\/div>\n\t\t\t\t<\/div>\n\t\t\t\t\t<\/div>\n\t\t<\/div>\n\t\t\t\t\t<\/div>\n\t\t<\/section>\n\t\t\t\t<section class=\"elementor-section elementor-top-section elementor-element elementor-element-a2191cb elementor-section-boxed elementor-section-height-default elementor-section-height-default\" data-id=\"a2191cb\" data-element_type=\"section\">\n\t\t\t\t\t\t<div class=\"elementor-container elementor-column-gap-default\">\n\t\t\t\t\t<div class=\"elementor-column elementor-col-20 elementor-top-column elementor-element elementor-element-cc9e0e8\" data-id=\"cc9e0e8\" data-element_type=\"column\">\n\t\t\t<div class=\"elementor-widget-wrap elementor-element-populated\">\n\t\t\t\t\t\t<div class=\"elementor-element elementor-element-d5f6161 elementor-invisible elementor-widget elementor-widget-image\" data-id=\"d5f6161\" data-element_type=\"widget\" data-settings=\"{&quot;_animation&quot;:&quot;fadeIn&quot;}\" data-widget_type=\"image.default\">\n\t\t\t\t<div class=\"elementor-widget-container\">\n\t\t\t\t\t\t\t\t\t\t\t\t<figure class=\"wp-caption\">\n\t\t\t\t\t\t\t\t\t\t\t<a href=\"https:\/\/redmundialdenetworkers.com\/index.php\/conectorglobal-soniavaldes\/\">\n\t\t\t\t\t\t\t<img decoding=\"async\" width=\"261\" height=\"262\" src=\"https:\/\/redmundialdenetworkers.com\/wp-content\/uploads\/2025\/06\/1-imagen-persona1-RaysaLopez.jpg\" class=\"elementor-animation-grow attachment-medium size-medium wp-image-41\" alt=\"\" srcset=\"https:\/\/redmundialdenetworkers.com\/wp-content\/uploads\/2025\/06\/1-imagen-persona1-RaysaLopez.jpg 261w, https:\/\/redmundialdenetworkers.com\/wp-content\/uploads\/2025\/06\/1-imagen-persona1-RaysaLopez-150x150.jpg 150w\" sizes=\"100vw\" \/>\t\t\t\t\t\t\t\t<\/a>\n\t\t\t\t\t\t\t\t\t\t\t<figcaption class=\"widget-image-caption wp-caption-text\">Sonia Vald\u00e9s<\/figcaption>\n\t\t\t\t\t\t\t\t\t\t<\/figure>\n\t\t\t\t\t\t\t\t\t<\/div>\n\t\t\t\t<\/div>\n\t\t\t\t\t<\/div>\n\t\t<\/div>\n\t\t\t\t<div class=\"elementor-column elementor-col-20 elementor-top-column elementor-element elementor-element-4672c02\" data-id=\"4672c02\" data-element_type=\"column\">\n\t\t\t<div class=\"elementor-widget-wrap\">\n\t\t\t\t\t\t\t<\/div>\n\t\t<\/div>\n\t\t\t\t<div class=\"elementor-column elementor-col-20 elementor-top-column elementor-element elementor-element-3eea2e6\" data-id=\"3eea2e6\" data-element_type=\"column\">\n\t\t\t<div class=\"elementor-widget-wrap\">\n\t\t\t\t\t\t\t<\/div>\n\t\t<\/div>\n\t\t\t\t<div class=\"elementor-column elementor-col-20 elementor-top-column elementor-element elementor-element-0d83817\" data-id=\"0d83817\" data-element_type=\"column\">\n\t\t\t<div class=\"elementor-widget-wrap\">\n\t\t\t\t\t\t\t<\/div>\n\t\t<\/div>\n\t\t\t\t<div class=\"elementor-column elementor-col-20 elementor-top-column elementor-element elementor-element-48eb90e\" data-id=\"48eb90e\" data-element_type=\"column\">\n\t\t\t<div class=\"elementor-widget-wrap\">\n\t\t\t\t\t\t\t<\/div>\n\t\t<\/div>\n\t\t\t\t\t<\/div>\n\t\t<\/section>\n\t\t\t\t<section class=\"elementor-section elementor-top-section elementor-element elementor-element-54bc1b71 elementor-section-stretched elementor-section-boxed elementor-section-height-default elementor-section-height-default\" data-id=\"54bc1b71\" data-element_type=\"section\" data-settings=\"{&quot;stretch_section&quot;:&quot;section-stretched&quot;,&quot;background_background&quot;:&quot;classic&quot;}\">\n\t\t\t\t\t\t<div class=\"elementor-container elementor-column-gap-default\">\n\t\t\t\t\t<div class=\"elementor-column elementor-col-100 elementor-top-column elementor-element elementor-element-558a298e\" data-id=\"558a298e\" data-element_type=\"column\">\n\t\t\t<div class=\"elementor-widget-wrap elementor-element-populated\">\n\t\t\t\t\t\t<div class=\"elementor-element elementor-element-4055d172 elementor-widget elementor-widget-heading\" data-id=\"4055d172\" data-element_type=\"widget\" data-widget_type=\"heading.default\">\n\t\t\t\t<div class=\"elementor-widget-container\">\n\t\t\t\t\t<h2 class=\"elementor-heading-title elementor-size-default\">\u00bfQuieres integrarte a nuestra organizaci\u00f3n?<\/h2>\t\t\t\t<\/div>\n\t\t\t\t<\/div>\n\t\t\t\t\t<\/div>\n\t\t<\/div>\n\t\t\t\t\t<\/div>\n\t\t<\/section>\n\t\t\t\t<section class=\"elementor-section elementor-top-section elementor-element elementor-element-5b5237a8 elementor-section-boxed elementor-section-height-default elementor-section-height-default\" data-id=\"5b5237a8\" data-element_type=\"section\" data-settings=\"{&quot;background_background&quot;:&quot;classic&quot;}\">\n\t\t\t\t\t\t<div class=\"elementor-container elementor-column-gap-default\">\n\t\t\t\t\t<div class=\"elementor-column elementor-col-33 elementor-top-column elementor-element elementor-element-10eb2333\" data-id=\"10eb2333\" data-element_type=\"column\">\n\t\t\t<div class=\"elementor-widget-wrap\">\n\t\t\t\t\t\t\t<\/div>\n\t\t<\/div>\n\t\t\t\t<div class=\"elementor-column elementor-col-33 elementor-top-column elementor-element elementor-element-3f4c3d94\" data-id=\"3f4c3d94\" data-element_type=\"column\">\n\t\t\t<div class=\"elementor-widget-wrap elementor-element-populated\">\n\t\t\t\t\t\t<div class=\"elementor-element elementor-element-3ea75eb elementor-widget elementor-widget-text-editor\" data-id=\"3ea75eb\" data-element_type=\"widget\" data-widget_type=\"text-editor.default\">\n\t\t\t\t<div class=\"elementor-widget-container\">\n\t\t\t\t\t\t\t\t\t<p style=\"text-align: center;\"><span style=\"color: #553527;\"><strong>Si deseas formar parte de la organizaci\u00f3n, desde ya te invitamos a unirte a la Red Mundial de Networkers Conscientes<\/strong><\/span><\/p><p style=\"text-align: center;\"><span style=\"color: #553527;\"><strong>M\u00c1NDANOS UN WHATSAPP<\/strong><\/span><\/p>\t\t\t\t\t\t\t\t<\/div>\n\t\t\t\t<\/div>\n\t\t\t\t\t<\/div>\n\t\t<\/div>\n\t\t\t\t<div class=\"elementor-column elementor-col-33 elementor-top-column elementor-element elementor-element-4e30e36\" data-id=\"4e30e36\" data-element_type=\"column\">\n\t\t\t<div class=\"elementor-widget-wrap\">\n\t\t\t\t\t\t\t<\/div>\n\t\t<\/div>\n\t\t\t\t\t<\/div>\n\t\t<\/section>\n\t\t\t\t<section class=\"elementor-section elementor-top-section elementor-element elementor-element-4bde5350 elementor-section-boxed elementor-section-height-default elementor-section-height-default\" data-id=\"4bde5350\" data-element_type=\"section\" data-settings=\"{&quot;background_background&quot;:&quot;classic&quot;}\">\n\t\t\t\t\t\t<div class=\"elementor-container elementor-column-gap-default\">\n\t\t\t\t\t<div class=\"elementor-column elementor-col-100 elementor-top-column elementor-element elementor-element-66cb8eb8\" data-id=\"66cb8eb8\" data-element_type=\"column\">\n\t\t\t<div class=\"elementor-widget-wrap elementor-element-populated\">\n\t\t\t\t\t\t<div class=\"elementor-element elementor-element-74a8e4a6 elementor-align-center elementor-widget elementor-widget-button\" data-id=\"74a8e4a6\" data-element_type=\"widget\" data-widget_type=\"button.default\">\n\t\t\t\t<div class=\"elementor-widget-container\">\n\t\t\t\t\t\t\t\t\t<div class=\"elementor-button-wrapper\">\n\t\t\t\t\t<a class=\"elementor-button elementor-button-link elementor-size-sm\" href=\"https:\/\/redmundialdeescritores.com\/\">\n\t\t\t\t\t\t<span class=\"elementor-button-content-wrapper\">\n\t\t\t\t\t\t<span class=\"elementor-button-icon\">\n\t\t\t\t<svg aria-hidden=\"true\" class=\"e-font-icon-svg e-fas-hand-point-right\" viewBox=\"0 0 512 512\" xmlns=\"http:\/\/www.w3.org\/2000\/svg\"><path d=\"M512 199.652c0 23.625-20.65 43.826-44.8 43.826h-99.851c16.34 17.048 18.346 49.766-6.299 70.944 14.288 22.829 2.147 53.017-16.45 62.315C353.574 425.878 322.654 448 272 448c-2.746 0-13.276-.203-16-.195-61.971.168-76.894-31.065-123.731-38.315C120.596 407.683 112 397.599 112 385.786V214.261l.002-.001c.011-18.366 10.607-35.889 28.464-43.845 28.886-12.994 95.413-49.038 107.534-77.323 7.797-18.194 21.384-29.084 40-29.092 34.222-.014 57.752 35.098 44.119 66.908-3.583 8.359-8.312 16.67-14.153 24.918H467.2c23.45 0 44.8 20.543 44.8 43.826zM96 200v192c0 13.255-10.745 24-24 24H24c-13.255 0-24-10.745-24-24V200c0-13.255 10.745-24 24-24h48c13.255 0 24 10.745 24 24zM68 368c0-11.046-8.954-20-20-20s-20 8.954-20 20 8.954 20 20 20 20-8.954 20-20z\"><\/path><\/svg>\t\t\t<\/span>\n\t\t\t\t\t\t\t\t\t<span class=\"elementor-button-text\">ir a p\u00e1gina principal -  Red Mundial de Networkers Conscientes<\/span>\n\t\t\t\t\t<\/span>\n\t\t\t\t\t<\/a>\n\t\t\t\t<\/div>\n\t\t\t\t\t\t\t\t<\/div>\n\t\t\t\t<\/div>\n\t\t\t\t\t<\/div>\n\t\t<\/div>\n\t\t\t\t\t<\/div>\n\t\t<\/section>\n\t\t\t\t<section class=\"elementor-section elementor-top-section elementor-element elementor-element-47e078cb elementor-section-boxed elementor-section-height-default elementor-section-height-default\" data-id=\"47e078cb\" data-element_type=\"section\" data-settings=\"{&quot;background_background&quot;:&quot;classic&quot;}\">\n\t\t\t\t\t\t<div class=\"elementor-container elementor-column-gap-default\">\n\t\t\t\t\t<div class=\"elementor-column elementor-col-33 elementor-top-column elementor-element elementor-element-5f5f7e2c\" data-id=\"5f5f7e2c\" data-element_type=\"column\">\n\t\t\t<div class=\"elementor-widget-wrap elementor-element-populated\">\n\t\t\t\t\t\t<div class=\"elementor-element elementor-element-48d7cf0e elementor-widget elementor-widget-text-editor\" data-id=\"48d7cf0e\" data-element_type=\"widget\" data-widget_type=\"text-editor.default\">\n\t\t\t\t<div class=\"elementor-widget-container\">\n\t\t\t\t\t\t\t\t\t<p>All Rights Reserved 2025<\/p>\t\t\t\t\t\t\t\t<\/div>\n\t\t\t\t<\/div>\n\t\t\t\t\t<\/div>\n\t\t<\/div>\n\t\t\t\t<div class=\"elementor-column elementor-col-33 elementor-top-column elementor-element elementor-element-7ff245e2\" data-id=\"7ff245e2\" data-element_type=\"column\">\n\t\t\t<div class=\"elementor-widget-wrap elementor-element-populated\">\n\t\t\t\t\t\t<div class=\"elementor-element elementor-element-475371fa elementor-widget elementor-widget-text-editor\" data-id=\"475371fa\" data-element_type=\"widget\" data-widget_type=\"text-editor.default\">\n\t\t\t\t<div class=\"elementor-widget-container\">\n\t\t\t\t\t\t\t\t\t<p><span style=\"color: #ffffff;\"><a style=\"color: #ffffff;\" href=\"https:\/\/miseventos.online\/tupaginaweb\/\" target=\"_blank\" rel=\"noopener\">Webmaster:<\/a><\/span><\/p>\t\t\t\t\t\t\t\t<\/div>\n\t\t\t\t<\/div>\n\t\t\t\t\t<\/div>\n\t\t<\/div>\n\t\t\t\t<div class=\"elementor-column elementor-col-33 elementor-top-column elementor-element elementor-element-1355763a\" data-id=\"1355763a\" data-element_type=\"column\">\n\t\t\t<div class=\"elementor-widget-wrap elementor-element-populated\">\n\t\t\t\t\t\t<div class=\"elementor-element elementor-element-1f5b1113 elementor-widget elementor-widget-text-editor\" data-id=\"1f5b1113\" data-element_type=\"widget\" data-widget_type=\"text-editor.default\">\n\t\t\t\t<div class=\"elementor-widget-container\">\n\t\t\t\t\t\t\t\t\t<p><span style=\"color: #ffffff;\"><a style=\"color: #ffffff;\" href=\"https:\/\/miseventos.online\/tupaginaweb\/\" target=\"_blank\" rel=\"noopener\">Dr-. Marco Ontiveros<\/a><\/span><\/p>\t\t\t\t\t\t\t\t<\/div>\n\t\t\t\t<\/div>\n\t\t\t\t\t<\/div>\n\t\t<\/div>\n\t\t\t\t\t<\/div>\n\t\t<\/section>\n\t\t\t\t<\/div>\n\t\t","protected":false},"excerpt":{"rendered":"<p>Miembros de USA USA miembros activos Raysa L\u00f3pez Cary Mu\u00f1\u00edz Edmarys Men\u00e9ndez Mirley serna Dr. Santos Sonia Vald\u00e9s \u00bfQuieres integrarte a nuestra organizaci\u00f3n? Si deseas formar parte de la organizaci\u00f3n, desde ya te invitamos a unirte a la Red Mundial de Networkers Conscientes M\u00c1NDANOS UN WHATSAPP ir a p\u00e1gina principal &#8211; Red Mundial de Networkers &hellip; <\/p>\n<p class=\"link-more\"><a href=\"https:\/\/redmundialdenetworkers.com\/index.php\/miembros-usa\/\" class=\"more-link\">Continuar leyendo<span class=\"screen-reader-text\"> &#8220;miembros-usa&#8221;<\/span><\/a><\/p>\n","protected":false},"author":1,"featured_media":0,"parent":0,"menu_order":0,"comment_status":"closed","ping_status":"closed","template":"elementor_canvas","meta":{"_joinchat":[],"footnotes":""},"class_list":["post-346","page","type-page","status-publish","hentry"],"_links":{"self":[{"href":"https:\/\/redmundialdenetworkers.com\/index.php\/wp-json\/wp\/v2\/pages\/346","targetHints":{"allow":["GET"]}}],"collection":[{"href":"https:\/\/redmundialdenetworkers.com\/index.php\/wp-json\/wp\/v2\/pages"}],"about":[{"href":"https:\/\/redmundialdenetworkers.com\/index.php\/wp-json\/wp\/v2\/types\/page"}],"author":[{"embeddable":true,"href":"https:\/\/redmundialdenetworkers.com\/index.php\/wp-json\/wp\/v2\/users\/1"}],"replies":[{"embeddable":true,"href":"https:\/\/redmundialdenetworkers.com\/index.php\/wp-json\/wp\/v2\/comments?post=346"}],"version-history":[{"count":31,"href":"https:\/\/redmundialdenetworkers.com\/index.php\/wp-json\/wp\/v2\/pages\/346\/revisions"}],"predecessor-version":[{"id":561,"href":"https:\/\/redmundialdenetworkers.com\/index.php\/wp-json\/wp\/v2\/pages\/346\/revisions\/561"}],"wp:attachment":[{"href":"https:\/\/redmundialdenetworkers.com\/index.php\/wp-json\/wp\/v2\/media?parent=346"}],"curies":[{"name":"wp","href":"https:\/\/api.w.org\/{rel}","templated":true}]}}